{"id":8188,"date":"2021-04-09T03:31:29","date_gmt":"2021-04-09T03:31:29","guid":{"rendered":"https:\/\/alcantara.pro.br\/site\/?page_id=8188"},"modified":"2021-04-09T03:31:29","modified_gmt":"2021-04-09T03:31:29","slug":"normas-contabeis","status":"publish","type":"page","link":"https:\/\/alcantara.pro.br\/portal\/normas-contabeis\/","title":{"rendered":"Normas Cont\u00e1beis"},"content":{"rendered":"\n<p><\/p>\n\n\n\n<div id=\"ez-toc-container\" class=\"ez-toc-v2_0_82_2 counter-hierarchy ez-toc-counter ez-toc-grey ez-toc-container-direction\">\n<div class=\"ez-toc-title-container\">\n<p class=\"ez-toc-title\" style=\"cursor:inherit\">\u00cdndice<\/p>\n<span class=\"ez-toc-title-toggle\"><a href=\"#\" class=\"ez-toc-pull-right ez-toc-btn ez-toc-btn-xs ez-toc-btn-default ez-toc-toggle\" aria-label=\"Alternar tabela de conte\u00fado\"><span class=\"ez-toc-js-icon-con\"><span class=\"\"><span class=\"eztoc-hide\" style=\"display:none;\">Toggle<\/span><span class=\"ez-toc-icon-toggle-span\"><svg style=\"fill: #999;color:#999\" xmlns=\"http:\/\/www.w3.org\/2000\/svg\" class=\"list-377408\" width=\"20px\" height=\"20px\" viewBox=\"0 0 24 24\" fill=\"none\"><path d=\"M6 6H4v2h2V6zm14 0H8v2h12V6zM4 11h2v2H4v-2zm16 0H8v2h12v-2zM4 16h2v2H4v-2zm16 0H8v2h12v-2z\" fill=\"currentColor\"><\/path><\/svg><svg style=\"fill: #999;color:#999\" class=\"arrow-unsorted-368013\" xmlns=\"http:\/\/www.w3.org\/2000\/svg\" width=\"10px\" height=\"10px\" viewBox=\"0 0 24 24\" version=\"1.2\" baseProfile=\"tiny\"><path d=\"M18.2 9.3l-6.2-6.3-6.2 6.3c-.2.2-.3.4-.3.7s.1.5.3.7c.2.2.4.3.7.3h11c.3 0 .5-.1.7-.3.2-.2.3-.5.3-.7s-.1-.5-.3-.7zM5.8 14.7l6.2 6.3 6.2-6.3c.2-.2.3-.5.3-.7s-.1-.5-.3-.7c-.2-.2-.4-.3-.7-.3h-11c-.3 0-.5.1-.7.3-.2.2-.3.5-.3.7s.1.5.3.7z\"\/><\/svg><\/span><\/span><\/span><\/a><\/span><\/div>\n<nav><ul class='ez-toc-list ez-toc-list-level-1 ' ><li class='ez-toc-page-1 ez-toc-heading-level-2'><a class=\"ez-toc-link ez-toc-heading-1\" href=\"https:\/\/alcantara.pro.br\/portal\/normas-contabeis\/#Normas_Brasileiras_de_Contabilidade\" >Normas Brasileiras de Contabilidade<\/a><\/li><li class='ez-toc-page-1 ez-toc-heading-level-2'><a class=\"ez-toc-link ez-toc-heading-2\" href=\"https:\/\/alcantara.pro.br\/portal\/normas-contabeis\/#Material_gratuito_sobre_normas_contabeis_e_afins\" >Material gratuito sobre normas cont\u00e1beis e afins<\/a><\/li><li class='ez-toc-page-1 ez-toc-heading-level-2'><a class=\"ez-toc-link ez-toc-heading-3\" href=\"https:\/\/alcantara.pro.br\/portal\/normas-contabeis\/#Videos_gratuitos_sobre_normas_contabeis_e_afins\" >V\u00eddeos gratuitos sobre normas cont\u00e1beis e afins<\/a><\/li><li class='ez-toc-page-1 ez-toc-heading-level-2'><a class=\"ez-toc-link ez-toc-heading-4\" href=\"https:\/\/alcantara.pro.br\/portal\/normas-contabeis\/#Exemplo_de_Demonstracoes_completas_usando_o_padrao_das_IFRS_divulgado_pela_Ernst_Young_Good_Group_2020\" >Exemplo de Demonstra\u00e7\u00f5es completas usando o padr\u00e3o das IFRS, divulgado pela Ernst &amp; Young:&nbsp;Good Group 2020<\/a><\/li><li class='ez-toc-page-1 ez-toc-heading-level-2'><a class=\"ez-toc-link ez-toc-heading-5\" href=\"https:\/\/alcantara.pro.br\/portal\/normas-contabeis\/#Portais_de_IRFS_de_algumas_das_maiores_empresas_de_auditoria\" >Portais de IRFS de algumas das maiores empresas de auditoria&nbsp;<\/a><\/li><li class='ez-toc-page-1 ez-toc-heading-level-2'><a class=\"ez-toc-link ez-toc-heading-6\" href=\"https:\/\/alcantara.pro.br\/portal\/normas-contabeis\/#Temas_atuais_Wikipedia\" >Temas atuais (Wikip\u00e9dia)<\/a><\/li><\/ul><\/nav><\/div>\n<h2 class=\"wp-block-heading\"><span class=\"ez-toc-section\" id=\"Normas_Brasileiras_de_Contabilidade\"><\/span><strong>Normas Brasileiras de Contabilidade<\/strong><span class=\"ez-toc-section-end\"><\/span><\/h2>\n\n\n\n<ul class=\"wp-block-list\"><li><a href=\"https:\/\/cfc.org.br\/tecnica\/normas-brasileiras-de-contabilidade\/\" target=\"_blank\" rel=\"noreferrer noopener\">Conselho Federal de Contabilidade \u2013 CFC<\/a><\/li><li><a href=\"https:\/\/cfc.org.br\/tecnica\/perguntas-frequentes\/normas-brasileiras-de-contabilidade\/\" target=\"_blank\" rel=\"noreferrer noopener\">Perguntas Frequentes ao CFC<\/a><\/li><li><a href=\"http:\/\/www.cpc.org.br\/\" target=\"_blank\" rel=\"noreferrer noopener\">Comit\u00ea de Pronunciamentos Cont\u00e1beis \u2013 CPC<\/a><\/li><\/ul>\n\n\n\n<hr class=\"wp-block-separator\"\/>\n\n\n\n<h2 class=\"wp-block-heading\"><span class=\"ez-toc-section\" id=\"Material_gratuito_sobre_normas_contabeis_e_afins\"><\/span><strong>Material gratuito sobre normas cont\u00e1beis e afins<\/strong><span class=\"ez-toc-section-end\"><\/span><\/h2>\n\n\n\n<ul class=\"wp-block-list\"><li><a href=\"http:\/\/www.crcrs.org.br\/arquivos\/palestras\/181219_encerramento.pdf\" target=\"_blank\" rel=\"noreferrer noopener\">Encerramento das Demonstra\u00e7\u00f5es Cont\u00e1beis<\/a>&nbsp;por CRC-RS (PDF)<\/li><li><a href=\"https:\/\/home.kpmg\/br\/pt\/home\/servicos\/auditoria-asseguracao\/ifrs\/publicacoes.html\" target=\"_blank\" rel=\"noreferrer noopener\">Publica\u00e7\u00f5es KPMG<\/a><\/li><li><a href=\"https:\/\/www.pwc.com.br\/pt\/estudos.html\" target=\"_blank\" rel=\"noreferrer noopener\">Estudos PWC<\/a><\/li><li><a href=\"https:\/\/www.grantthornton.com.br\/mapa-do-site\/\" target=\"_blank\" rel=\"noreferrer noopener\">Artigos e Publica\u00e7\u00f5es Grant Thornton<\/a><\/li><\/ul>\n\n\n\n<hr class=\"wp-block-separator\"\/>\n\n\n\n<h2 class=\"wp-block-heading\"><span class=\"ez-toc-section\" id=\"Videos_gratuitos_sobre_normas_contabeis_e_afins\"><\/span><strong><strong>V\u00eddeos<\/strong> gratuitos sobre normas cont\u00e1beis e afins<\/strong><span class=\"ez-toc-section-end\"><\/span><\/h2>\n\n\n\n<ul class=\"wp-block-list\"><li><a href=\"https:\/\/www.youtube.com\/watch?v=9hqfce_1vKA\" target=\"_blank\" rel=\"noreferrer noopener\">CPC 06 \u2013 Arrendamento Mercantil (IFRS 16)<\/a>&nbsp;\u2013 por FIPECAFI<\/li><li><a href=\"https:\/\/www.youtube.com\/watch?v=5gDjlTMgHNs\" target=\"_blank\" rel=\"noreferrer noopener\">IFRS Pequenas e M\u00e9dias Empresas<\/a>&nbsp;\u2013 por Sevilha Contabilidade<\/li><li><a href=\"https:\/\/www.youtube.com\/watch?v=XTiHa_w8Hik\" target=\"_blank\" rel=\"noreferrer noopener\">IFRS \u2013 Normas Brasileiras de Contabilidade e CPCs<\/a>&nbsp;\u2013 por Sevilha Contabilidade e FIPECAFI<\/li><\/ul>\n\n\n\n<hr class=\"wp-block-separator\"\/>\n\n\n\n<h2 class=\"wp-block-heading\"><span class=\"ez-toc-section\" id=\"Exemplo_de_Demonstracoes_completas_usando_o_padrao_das_IFRS_divulgado_pela_Ernst_Young_Good_Group_2020\"><\/span><strong>Exemplo de Demonstra\u00e7\u00f5es completas usando o padr\u00e3o das IFRS, divulgado pela Ernst &amp; Young:&nbsp;<\/strong><strong>Good Group 2020<\/strong><span class=\"ez-toc-section-end\"><\/span><\/h2>\n\n\n\n<ul class=\"wp-block-list\"><li>Assista&nbsp;<a href=\"https:\/\/vimeo.com\/387027880\/80cf42e506\" target=\"_blank\" rel=\"noreferrer noopener\"><strong>aqui<\/strong><\/a>&nbsp;ao v\u00eddeo de apresenta\u00e7\u00e3o da&nbsp;<strong>Good Group 2020<\/strong><\/li><li>Baixe&nbsp;&nbsp;<strong><a href=\"https:\/\/alcantara.pro.br\/portal\/wp-content\/uploads\/2020\/10\/ey-brasil-good-group-1.pdf\">aqui<\/a><\/strong>&nbsp;o arquivo completo da empresa exemplo da&nbsp;<strong>Good Group 2020&nbsp;<\/strong>(Formato PDF)<\/li><\/ul>\n\n\n\n<hr class=\"wp-block-separator\"\/>\n\n\n\n<h2 class=\"wp-block-heading\"><span class=\"ez-toc-section\" id=\"Portais_de_IRFS_de_algumas_das_maiores_empresas_de_auditoria\"><\/span><strong>Portais de IRFS de algumas das maiores empresas de auditoria&nbsp;<\/strong><span class=\"ez-toc-section-end\"><\/span><\/h2>\n\n\n\n<ul class=\"wp-block-list\"><li><a href=\"https:\/\/www2.deloitte.com\/br\/pt\/pages\/audit\/articles\/demonstracoes-financeiras.html\" target=\"_blank\" rel=\"noreferrer noopener\">Deloitte<\/a><\/li><li><a href=\"https:\/\/www.ey.com\/pt_br\/assurance\/good-group\">EY \u2013 Ernst &amp; Young<\/a><\/li><li><a href=\"https:\/\/home.kpmg\/br\/pt\/home\/servicos\/auditoria-asseguracao\/ifrs.html\" target=\"_blank\" rel=\"noreferrer noopener\">KPMG<\/a><\/li><li><a href=\"https:\/\/www.pwc.com.br\/pt\/auditoria\/ifrs.html\" target=\"_blank\" rel=\"noreferrer noopener\">PWC \u2013 PricewaterhouseCoopers Brasil<\/a><\/li><\/ul>\n\n\n\n<hr class=\"wp-block-separator\"\/>\n\n\n\n<h2 class=\"wp-block-heading\"><span class=\"ez-toc-section\" id=\"Temas_atuais_Wikipedia\"><\/span><strong>Temas atuais (Wikip\u00e9dia)<\/strong><span class=\"ez-toc-section-end\"><\/span><\/h2>\n\n\n\n<ul class=\"wp-block-list\"><li><a href=\"https:\/\/pt.wikipedia.org\/wiki\/Blockchain\" target=\"_blank\" rel=\"noreferrer noopener\">Blockchain<\/a><\/li><li><a href=\"https:\/\/pt.wikipedia.org\/wiki\/Pix\">Pix<\/a><\/li><li><a href=\"https:\/\/pt.wikipedia.org\/wiki\/Lei_Geral_de_Prote%C3%A7%C3%A3o_de_Dados_Pessoais\" target=\"_blank\" rel=\"noreferrer noopener\">LGPD<\/a><\/li><li><a href=\"https:\/\/pt.wikipedia.org\/wiki\/Lavagem_de_dinheiro\" target=\"_blank\" rel=\"noreferrer noopener\">Lavagem de Dinheiro<\/a><\/li><li><a href=\"https:\/\/pt.wikipedia.org\/wiki\/Certificado_digital\" target=\"_blank\" rel=\"noreferrer noopener\">Certifica\u00e7\u00e3o Digital<\/a><\/li><\/ul>\n","protected":false},"excerpt":{"rendered":"<p>Normas Brasileiras de Contabilidade Conselho Federal de Contabilidade \u2013 CFC Perguntas Frequentes ao CFC Comit\u00ea<\/p>\n","protected":false},"author":1,"featured_media":0,"parent":0,"menu_order":0,"comment_status":"closed","ping_status":"closed","template":"","meta":{"footnotes":""},"class_list":["post-8188","page","type-page","status-publish","hentry"],"yoast_head":"<!-- This site is optimized with the Yoast SEO plugin v27.5 - https:\/\/yoast.com\/product\/yoast-seo-wordpress\/ -->\n<title>Normas Cont\u00e1beis - Prof. Alexandre Alcantara<\/title>\n<meta name=\"robots\" content=\"index, follow, max-snippet:-1, max-image-preview:large, max-video-preview:-1\" \/>\n<link rel=\"canonical\" href=\"https:\/\/alcantara.pro.br\/portal\/normas-contabeis\/\" \/>\n<meta property=\"og:locale\" content=\"pt_BR\" \/>\n<meta property=\"og:type\" content=\"article\" \/>\n<meta property=\"og:title\" content=\"Normas Cont\u00e1beis - Prof. Alexandre Alcantara\" \/>\n<meta property=\"og:description\" content=\"Normas Brasileiras de Contabilidade Conselho Federal de Contabilidade \u2013 CFC Perguntas Frequentes ao CFC Comit\u00ea\" \/>\n<meta property=\"og:url\" content=\"https:\/\/alcantara.pro.br\/portal\/normas-contabeis\/\" \/>\n<meta property=\"og:site_name\" content=\"Prof. Alexandre Alcantara\" \/>\n<meta name=\"twitter:card\" content=\"summary_large_image\" \/>\n<meta name=\"twitter:label1\" content=\"Est. tempo de leitura\" \/>\n\t<meta name=\"twitter:data1\" content=\"1 minuto\" \/>\n<script type=\"application\/ld+json\" class=\"yoast-schema-graph\">{\"@context\":\"https:\\\/\\\/schema.org\",\"@graph\":[{\"@type\":\"WebPage\",\"@id\":\"https:\\\/\\\/alcantara.pro.br\\\/portal\\\/normas-contabeis\\\/\",\"url\":\"https:\\\/\\\/alcantara.pro.br\\\/portal\\\/normas-contabeis\\\/\",\"name\":\"Normas Cont\u00e1beis - Prof. Alexandre Alcantara\",\"isPartOf\":{\"@id\":\"https:\\\/\\\/alcantara.pro.br\\\/portal\\\/#website\"},\"datePublished\":\"2021-04-09T03:31:29+00:00\",\"breadcrumb\":{\"@id\":\"https:\\\/\\\/alcantara.pro.br\\\/portal\\\/normas-contabeis\\\/#breadcrumb\"},\"inLanguage\":\"pt-BR\",\"potentialAction\":[{\"@type\":\"ReadAction\",\"target\":[\"https:\\\/\\\/alcantara.pro.br\\\/portal\\\/normas-contabeis\\\/\"]}]},{\"@type\":\"BreadcrumbList\",\"@id\":\"https:\\\/\\\/alcantara.pro.br\\\/portal\\\/normas-contabeis\\\/#breadcrumb\",\"itemListElement\":[{\"@type\":\"ListItem\",\"position\":1,\"name\":\"In\u00edcio\",\"item\":\"https:\\\/\\\/alcantara.pro.br\\\/portal\\\/\"},{\"@type\":\"ListItem\",\"position\":2,\"name\":\"Normas Cont\u00e1beis\"}]},{\"@type\":\"WebSite\",\"@id\":\"https:\\\/\\\/alcantara.pro.br\\\/portal\\\/#website\",\"url\":\"https:\\\/\\\/alcantara.pro.br\\\/portal\\\/\",\"name\":\"Prof. Alexandre Alcantara\",\"description\":\"\",\"publisher\":{\"@id\":\"https:\\\/\\\/alcantara.pro.br\\\/portal\\\/#\\\/schema\\\/person\\\/638376dc60edb285cf5914ea02e73975\"},\"potentialAction\":[{\"@type\":\"SearchAction\",\"target\":{\"@type\":\"EntryPoint\",\"urlTemplate\":\"https:\\\/\\\/alcantara.pro.br\\\/portal\\\/?s={search_term_string}\"},\"query-input\":{\"@type\":\"PropertyValueSpecification\",\"valueRequired\":true,\"valueName\":\"search_term_string\"}}],\"inLanguage\":\"pt-BR\"},{\"@type\":[\"Person\",\"Organization\"],\"@id\":\"https:\\\/\\\/alcantara.pro.br\\\/portal\\\/#\\\/schema\\\/person\\\/638376dc60edb285cf5914ea02e73975\",\"name\":\"Alexandre Alcantara\",\"image\":{\"@type\":\"ImageObject\",\"inLanguage\":\"pt-BR\",\"@id\":\"https:\\\/\\\/alcantara.pro.br\\\/portal\\\/wp-content\\\/uploads\\\/2025\\\/06\\\/cropped-logo-quadrada-nova-1.png\",\"url\":\"https:\\\/\\\/alcantara.pro.br\\\/portal\\\/wp-content\\\/uploads\\\/2025\\\/06\\\/cropped-logo-quadrada-nova-1.png\",\"contentUrl\":\"https:\\\/\\\/alcantara.pro.br\\\/portal\\\/wp-content\\\/uploads\\\/2025\\\/06\\\/cropped-logo-quadrada-nova-1.png\",\"width\":512,\"height\":512,\"caption\":\"Alexandre Alcantara\"},\"logo\":{\"@id\":\"https:\\\/\\\/alcantara.pro.br\\\/portal\\\/wp-content\\\/uploads\\\/2025\\\/06\\\/cropped-logo-quadrada-nova-1.png\"}}]}<\/script>\n<!-- \/ Yoast SEO plugin. -->","yoast_head_json":{"title":"Normas Cont\u00e1beis - Prof. Alexandre Alcantara","robots":{"index":"index","follow":"follow","max-snippet":"max-snippet:-1","max-image-preview":"max-image-preview:large","max-video-preview":"max-video-preview:-1"},"canonical":"https:\/\/alcantara.pro.br\/portal\/normas-contabeis\/","og_locale":"pt_BR","og_type":"article","og_title":"Normas Cont\u00e1beis - Prof. Alexandre Alcantara","og_description":"Normas Brasileiras de Contabilidade Conselho Federal de Contabilidade \u2013 CFC Perguntas Frequentes ao CFC Comit\u00ea","og_url":"https:\/\/alcantara.pro.br\/portal\/normas-contabeis\/","og_site_name":"Prof. Alexandre Alcantara","twitter_card":"summary_large_image","twitter_misc":{"Est. tempo de leitura":"1 minuto"},"schema":{"@context":"https:\/\/schema.org","@graph":[{"@type":"WebPage","@id":"https:\/\/alcantara.pro.br\/portal\/normas-contabeis\/","url":"https:\/\/alcantara.pro.br\/portal\/normas-contabeis\/","name":"Normas Cont\u00e1beis - Prof. Alexandre Alcantara","isPartOf":{"@id":"https:\/\/alcantara.pro.br\/portal\/#website"},"datePublished":"2021-04-09T03:31:29+00:00","breadcrumb":{"@id":"https:\/\/alcantara.pro.br\/portal\/normas-contabeis\/#breadcrumb"},"inLanguage":"pt-BR","potentialAction":[{"@type":"ReadAction","target":["https:\/\/alcantara.pro.br\/portal\/normas-contabeis\/"]}]},{"@type":"BreadcrumbList","@id":"https:\/\/alcantara.pro.br\/portal\/normas-contabeis\/#breadcrumb","itemListElement":[{"@type":"ListItem","position":1,"name":"In\u00edcio","item":"https:\/\/alcantara.pro.br\/portal\/"},{"@type":"ListItem","position":2,"name":"Normas Cont\u00e1beis"}]},{"@type":"WebSite","@id":"https:\/\/alcantara.pro.br\/portal\/#website","url":"https:\/\/alcantara.pro.br\/portal\/","name":"Prof. Alexandre Alcantara","description":"","publisher":{"@id":"https:\/\/alcantara.pro.br\/portal\/#\/schema\/person\/638376dc60edb285cf5914ea02e73975"},"potentialAction":[{"@type":"SearchAction","target":{"@type":"EntryPoint","urlTemplate":"https:\/\/alcantara.pro.br\/portal\/?s={search_term_string}"},"query-input":{"@type":"PropertyValueSpecification","valueRequired":true,"valueName":"search_term_string"}}],"inLanguage":"pt-BR"},{"@type":["Person","Organization"],"@id":"https:\/\/alcantara.pro.br\/portal\/#\/schema\/person\/638376dc60edb285cf5914ea02e73975","name":"Alexandre Alcantara","image":{"@type":"ImageObject","inLanguage":"pt-BR","@id":"https:\/\/alcantara.pro.br\/portal\/wp-content\/uploads\/2025\/06\/cropped-logo-quadrada-nova-1.png","url":"https:\/\/alcantara.pro.br\/portal\/wp-content\/uploads\/2025\/06\/cropped-logo-quadrada-nova-1.png","contentUrl":"https:\/\/alcantara.pro.br\/portal\/wp-content\/uploads\/2025\/06\/cropped-logo-quadrada-nova-1.png","width":512,"height":512,"caption":"Alexandre Alcantara"},"logo":{"@id":"https:\/\/alcantara.pro.br\/portal\/wp-content\/uploads\/2025\/06\/cropped-logo-quadrada-nova-1.png"}}]}},"_links":{"self":[{"href":"https:\/\/alcantara.pro.br\/portal\/wp-json\/wp\/v2\/pages\/8188","targetHints":{"allow":["GET"]}}],"collection":[{"href":"https:\/\/alcantara.pro.br\/portal\/wp-json\/wp\/v2\/pages"}],"about":[{"href":"https:\/\/alcantara.pro.br\/portal\/wp-json\/wp\/v2\/types\/page"}],"author":[{"embeddable":true,"href":"https:\/\/alcantara.pro.br\/portal\/wp-json\/wp\/v2\/users\/1"}],"replies":[{"embeddable":true,"href":"https:\/\/alcantara.pro.br\/portal\/wp-json\/wp\/v2\/comments?post=8188"}],"version-history":[{"count":0,"href":"https:\/\/alcantara.pro.br\/portal\/wp-json\/wp\/v2\/pages\/8188\/revisions"}],"wp:attachment":[{"href":"https:\/\/alcantara.pro.br\/portal\/wp-json\/wp\/v2\/media?parent=8188"}],"curies":[{"name":"wp","href":"https:\/\/api.w.org\/{rel}","templated":true}]}}