{"id":7485,"date":"2020-10-31T10:28:31","date_gmt":"2020-10-31T13:28:31","guid":{"rendered":"http:\/\/alcantara.pro.br\/portal\/?page_id=7485"},"modified":"2020-10-31T10:28:31","modified_gmt":"2020-10-31T13:28:31","slug":"livros-direito-tributario-icms","status":"publish","type":"page","link":"https:\/\/alcantara.pro.br\/portal\/livros-direito-tributario-icms\/","title":{"rendered":"Livros de Direito Tribut\u00e1rio, Contabilidade Tribut\u00e1ria e ICMS"},"content":{"rendered":"<p>Livros sobre Direito Tribut\u00e1rio e ICMS que recomendo<br \/>\n<strong><span style=\"color: #ff0000;\">Clique na capara para ver os detalhes<br \/>\n<\/span><\/strong><br \/>\n<a href=\"https:\/\/www.amazon.com.br\/gp\/product\/B07JH5115J\/ref=as_li_tl?ie=UTF8&amp;camp=1789&amp;creative=9325&amp;creativeASIN=B07JH5115J&amp;linkCode=as2&amp;tag=vendalivros-20&amp;linkId=da96ed7ca8ce6582136afb7e73e81564\" target=\"_blank\" rel=\"noopener noreferrer\"><img decoding=\"async\" src=\"\/\/ws-na.amazon-adsystem.com\/widgets\/q?_encoding=UTF8&amp;MarketPlace=BR&amp;ASIN=B07JH5115J&amp;ServiceVersion=20070822&amp;ID=AsinImage&amp;WS=1&amp;Format=_SL250_&amp;tag=vendalivros-20\" border=\"0\" \/> <\/a> <a href=\"https:\/\/www.amazon.com.br\/gp\/product\/8574209813\/ref=as_li_tl?ie=UTF8&amp;camp=1789&amp;creative=9325&amp;creativeASIN=8574209813&amp;linkCode=as2&amp;tag=vendalivros-20&amp;linkId=ac44e0a8356ff6347cc88d5ee669163c\" target=\"_blank\" rel=\"noopener noreferrer\"><img decoding=\"async\" src=\"\/\/ws-na.amazon-adsystem.com\/widgets\/q?_encoding=UTF8&amp;MarketPlace=BR&amp;ASIN=8574209813&amp;ServiceVersion=20070822&amp;ID=AsinImage&amp;WS=1&amp;Format=_SL250_&amp;tag=vendalivros-20\" border=\"0\" \/> <\/a> <a href=\"https:\/\/www.amazon.com.br\/gp\/product\/8539204444\/ref=as_li_tl?ie=UTF8&amp;camp=1789&amp;creative=9325&amp;creativeASIN=8539204444&amp;linkCode=as2&amp;tag=vendalivros-20&amp;linkId=894192ccce1fda8dad871424aa6d72ce\" target=\"_blank\" rel=\"noopener noreferrer\"><img decoding=\"async\" src=\"\/\/ws-na.amazon-adsystem.com\/widgets\/q?_encoding=UTF8&amp;MarketPlace=BR&amp;ASIN=8539204444&amp;ServiceVersion=20070822&amp;ID=AsinImage&amp;WS=1&amp;Format=_SL250_&amp;tag=vendalivros-20\" border=\"0\" \/><\/a> <img loading=\"lazy\" decoding=\"async\" style=\"border: none !important; margin: 0px !important;\" src=\"\/\/ir-br.amazon-adsystem.com\/e\/ir?t=vendalivros-20&amp;l=am2&amp;o=33&amp;a=8539204444\" alt=\"\" width=\"1\" height=\"1\" border=\"0\" \/>\u00a0<a href=\"https:\/\/www.amazon.com.br\/gp\/product\/8595900825\/ref=as_li_tl?ie=UTF8&amp;camp=1789&amp;creative=9325&amp;creativeASIN=8595900825&amp;linkCode=as2&amp;tag=vendalivros-20&amp;linkId=4c7953e28a03631da10f9d2b12e2ee0c\" target=\"_blank\" rel=\"noopener noreferrer\"><img decoding=\"async\" src=\"\/\/ws-na.amazon-adsystem.com\/widgets\/q?_encoding=UTF8&amp;MarketPlace=BR&amp;ASIN=8595900825&amp;ServiceVersion=20070822&amp;ID=AsinImage&amp;WS=1&amp;Format=_SL250_&amp;tag=vendalivros-20\" border=\"0\" \/><\/a> <img loading=\"lazy\" decoding=\"async\" style=\"border: none !important; margin: 0px !important;\" src=\"\/\/ir-br.amazon-adsystem.com\/e\/ir?t=vendalivros-20&amp;l=am2&amp;o=33&amp;a=8595900825\" alt=\"\" width=\"1\" height=\"1\" border=\"0\" \/>\u00a0<a href=\"https:\/\/www.amazon.com.br\/gp\/product\/B076C2DC9L\/ref=as_li_tl?ie=UTF8&amp;camp=1789&amp;creative=9325&amp;creativeASIN=B076C2DC9L&amp;linkCode=as2&amp;tag=vendalivros-20&amp;linkId=6bcf3fec942b2edd96a41395c2435f70\" target=\"_blank\" rel=\"noopener noreferrer\"><img decoding=\"async\" src=\"\/\/ws-na.amazon-adsystem.com\/widgets\/q?_encoding=UTF8&amp;MarketPlace=BR&amp;ASIN=B076C2DC9L&amp;ServiceVersion=20070822&amp;ID=AsinImage&amp;WS=1&amp;Format=_SL250_&amp;tag=vendalivros-20\" border=\"0\" \/><\/a> <img loading=\"lazy\" decoding=\"async\" style=\"border: none !important; margin: 0px !important;\" src=\"\/\/ir-br.amazon-adsystem.com\/e\/ir?t=vendalivros-20&amp;l=am2&amp;o=33&amp;a=B076C2DC9L\" alt=\"\" width=\"1\" height=\"1\" border=\"0\" \/><a href=\"https:\/\/www.amazon.com.br\/gp\/product\/8576741369\/ref=as_li_tl?ie=UTF8&amp;camp=1789&amp;creative=9325&amp;creativeASIN=8576741369&amp;linkCode=as2&amp;tag=vendalivros-20&amp;linkId=e364c099fd7057b4432ca38bc7c02678\" target=\"_blank\" rel=\"noopener noreferrer\"><img decoding=\"async\" src=\"\/\/ws-na.amazon-adsystem.com\/widgets\/q?_encoding=UTF8&amp;MarketPlace=BR&amp;ASIN=8576741369&amp;ServiceVersion=20070822&amp;ID=AsinImage&amp;WS=1&amp;Format=_SL250_&amp;tag=vendalivros-20\" border=\"0\" \/><\/a> <a href=\"https:\/\/www.amazon.com.br\/gp\/search\/ref=as_li_qf_sp_sr_il?ie=UTF8&amp;tag=vendalivros-20&amp;keywords=9788539201198&amp;index=aps&amp;camp=1789&amp;creative=9325&amp;linkCode=ur2&amp;linkId=f3558bdfef00a07cb8adb4da9fd9e6d6\" target=\"_blank\" rel=\"noopener noreferrer\"><img decoding=\"async\" src=\"\/\/ws-na.amazon-adsystem.com\/widgets\/q?_encoding=UTF8&amp;MarketPlace=BR&amp;ASIN=8539201194&amp;ServiceVersion=20070822&amp;ID=AsinImage&amp;WS=1&amp;Format=_SL250_&amp;tag=vendalivros-20\" border=\"0\" \/><\/a> <a href=\"https:\/\/www.amazon.com.br\/gp\/search\/ref=as_li_qf_sp_sr_il?ie=UTF8&amp;tag=vendalivros-20&amp;keywords=6556804223&amp;index=aps&amp;camp=1789&amp;creative=9325&amp;linkCode=ur2&amp;linkId=7098e901f7b2bd3893eb9bb84ce72f16\" target=\"_blank\" rel=\"noopener\"><img decoding=\"async\" src=\"\/\/ws-na.amazon-adsystem.com\/widgets\/q?_encoding=UTF8&amp;MarketPlace=BR&amp;ASIN=6556804223&amp;ServiceVersion=20070822&amp;ID=AsinImage&amp;WS=1&amp;Format=_SL250_&amp;tag=vendalivros-20\" border=\"0\" \/><\/a> <a href=\"https:\/\/www.amazon.com.br\/gp\/search\/ref=as_li_qf_sp_sr_il?ie=UTF8&amp;tag=vendalivros-20&amp;keywords=8583101000&amp;index=aps&amp;camp=1789&amp;creative=9325&amp;linkCode=ur2&amp;linkId=93f7bfd6a95d7ee8a7a711b0bdfe0fe3\" target=\"_blank\" rel=\"noopener\"><img decoding=\"async\" src=\"\/\/ws-na.amazon-adsystem.com\/widgets\/q?_encoding=UTF8&amp;MarketPlace=BR&amp;ASIN=8583101000&amp;ServiceVersion=20070822&amp;ID=AsinImage&amp;WS=1&amp;Format=_SL250_&amp;tag=vendalivros-20\" border=\"0\" \/><\/a> <a href=\"https:\/\/www.amazon.com.br\/gp\/search\/ref=as_li_qf_sp_sr_il?ie=UTF8&amp;tag=vendalivros-20&amp;keywords=B00TT0KIQ8&amp;index=aps&amp;camp=1789&amp;creative=9325&amp;linkCode=ur2&amp;linkId=23ee16ecc0a7d17c4604fa7612e09f5d\" target=\"_blank\" rel=\"noopener\"><img decoding=\"async\" src=\"\/\/ws-na.amazon-adsystem.com\/widgets\/q?_encoding=UTF8&amp;MarketPlace=BR&amp;ASIN=B00TT0KIQ8&amp;ServiceVersion=20070822&amp;ID=AsinImage&amp;WS=1&amp;Format=_SL250_&amp;tag=vendalivros-20\" border=\"0\" \/><\/a><a href=\"https:\/\/www.amazon.com.br\/gp\/product\/8536279400\/ref=as_li_tl?ie=UTF8&amp;camp=1789&amp;creative=9325&amp;creativeASIN=8536279400&amp;linkCode=as2&amp;tag=vendalivros-20&amp;linkId=f4ffe86521099aea8ad8a2eb234b07e9\" target=\"_blank\" rel=\"noopener\"><img decoding=\"async\" src=\"\/\/ws-na.amazon-adsystem.com\/widgets\/q?_encoding=UTF8&amp;MarketPlace=BR&amp;ASIN=8536279400&amp;ServiceVersion=20070822&amp;ID=AsinImage&amp;WS=1&amp;Format=_SL250_&amp;tag=vendalivros-20\" border=\"0\" \/><\/a><a href=\"https:\/\/www.amazon.com.br\/gp\/product\/852212597X\/ref=as_li_tl?ie=UTF8&amp;camp=1789&amp;creative=9325&amp;creativeASIN=852212597X&amp;linkCode=as2&amp;tag=vendalivros-20&amp;linkId=eb3c13d3cbd5813fb8b8222a4e31b36b\" target=\"_blank\" rel=\"noopener\"><img decoding=\"async\" src=\"\/\/ws-na.amazon-adsystem.com\/widgets\/q?_encoding=UTF8&amp;MarketPlace=BR&amp;ASIN=852212597X&amp;ServiceVersion=20070822&amp;ID=AsinImage&amp;WS=1&amp;Format=_SL250_&amp;tag=vendalivros-20\" border=\"0\" \/><\/a><a href=\"https:\/\/www.amazon.com.br\/gp\/product\/8553131963\/ref=as_li_tl?ie=UTF8&amp;camp=1789&amp;creative=9325&amp;creativeASIN=8553131963&amp;linkCode=as2&amp;tag=vendalivros-20&amp;linkId=0358c50c3e5c57e8e0b47642a4322c66\" target=\"_blank\" rel=\"noopener\"><img decoding=\"async\" src=\"\/\/ws-na.amazon-adsystem.com\/widgets\/q?_encoding=UTF8&amp;MarketPlace=BR&amp;ASIN=8553131963&amp;ServiceVersion=20070822&amp;ID=AsinImage&amp;WS=1&amp;Format=_SL250_&amp;tag=vendalivros-20\" border=\"0\" \/><\/a><a href=\"https:\/\/www.amazon.com.br\/gp\/product\/B073DPFDX4\/ref=as_li_tl?ie=UTF8&amp;camp=1789&amp;creative=9325&amp;creativeASIN=B073DPFDX4&amp;linkCode=as2&amp;tag=vendalivros-20&amp;linkId=36292106f6bb9ab1bb620bd0561e5257\" target=\"_blank\" rel=\"noopener\"><img decoding=\"async\" src=\"\/\/ws-na.amazon-adsystem.com\/widgets\/q?_encoding=UTF8&amp;MarketPlace=BR&amp;ASIN=B073DPFDX4&amp;ServiceVersion=20070822&amp;ID=AsinImage&amp;WS=1&amp;Format=_SL250_&amp;tag=vendalivros-20\" border=\"0\" \/><\/a><a href=\"https:\/\/www.amazon.com.br\/gp\/product\/859701170X\/ref=as_li_tl?ie=UTF8&amp;camp=1789&amp;creative=9325&amp;creativeASIN=859701170X&amp;linkCode=as2&amp;tag=vendalivros-20&amp;linkId=4e99faab19ed2c6c87d5a3e7abe524cc\" target=\"_blank\" rel=\"noopener\"><img decoding=\"async\" src=\"\/\/ws-na.amazon-adsystem.com\/widgets\/q?_encoding=UTF8&amp;MarketPlace=BR&amp;ASIN=859701170X&amp;ServiceVersion=20070822&amp;ID=AsinImage&amp;WS=1&amp;Format=_SL250_&amp;tag=vendalivros-20\" border=\"0\" \/><\/a><\/p>\n<p><a href=\"https:\/\/www.amazon.com.br\/Holding-Estudo-Evas%C3%A3o-Planejamento-Sucess%C3%B3rio\/dp\/6589565171?__mk_pt_BR=%C3%85M%C3%85%C5%BD%C3%95%C3%91&amp;crid=BUKC70SXSQVC&amp;keywords=holding&amp;qid=1659199055&amp;sprefix=holding+%2Caps%2C198&amp;sr=8-3&amp;ufe=app_do%3Aamzn1.fos.6121c6c4-c969-43ae-92f7-cc248fc6181d&amp;linkCode=li3&amp;tag=vendalivros-20&amp;linkId=d6c77cbdc68d76d134788511ad29fa7a&amp;language=pt_BR&amp;ref_=as_li_ss_il\" target=\"_blank\" rel=\"noopener\"><img decoding=\"async\" src=\"\/\/ws-na.amazon-adsystem.com\/widgets\/q?_encoding=UTF8&amp;ASIN=6589565171&amp;Format=_SL250_&amp;ID=AsinImage&amp;MarketPlace=BR&amp;ServiceVersion=20070822&amp;WS=1&amp;tag=vendalivros-20&amp;language=pt_BR\" border=\"0\" \/><\/a><img loading=\"lazy\" decoding=\"async\" style=\"border: none !important; margin: 0px !important;\" src=\"https:\/\/ir-br.amazon-adsystem.com\/e\/ir?t=vendalivros-20&amp;language=pt_BR&amp;l=li3&amp;o=33&amp;a=6589565171\" alt=\"\" width=\"1\" height=\"1\" border=\"0\" \/><a href=\"https:\/\/www.amazon.com.br\/HOLDING-VIS%C3%83O-SOCIET%C3%81RIA-CONT%C3%81BIL-TRIBUT%C3%81RIA\/dp\/6556750301?__mk_pt_BR=%C3%85M%C3%85%C5%BD%C3%95%C3%91&amp;crid=BUKC70SXSQVC&amp;keywords=holding&amp;qid=1659199055&amp;sprefix=holding+%2Caps%2C198&amp;sr=8-2&amp;ufe=app_do%3Aamzn1.fos.6121c6c4-c969-43ae-92f7-cc248fc6181d&amp;linkCode=li3&amp;tag=vendalivros-20&amp;linkId=746d67ddd20816de2228e03b46d8c487&amp;language=pt_BR&amp;ref_=as_li_ss_il\" target=\"_blank\" rel=\"noopener\"><img decoding=\"async\" src=\"\/\/ws-na.amazon-adsystem.com\/widgets\/q?_encoding=UTF8&amp;ASIN=6556750301&amp;Format=_SL250_&amp;ID=AsinImage&amp;MarketPlace=BR&amp;ServiceVersion=20070822&amp;WS=1&amp;tag=vendalivros-20&amp;language=pt_BR\" border=\"0\" \/><\/a><img loading=\"lazy\" decoding=\"async\" style=\"border: none !important; margin: 0px !important;\" src=\"https:\/\/ir-br.amazon-adsystem.com\/e\/ir?t=vendalivros-20&amp;language=pt_BR&amp;l=li3&amp;o=33&amp;a=6556750301\" alt=\"\" width=\"1\" height=\"1\" border=\"0\" \/><\/p>\n<hr \/>\n<p><strong>Esgotados: Talvez dispon\u00edvel em sebos<\/strong><\/p>\n<ol>\n<li>HOFFMANN, Susy Gomes. <strong>Teoria da prova no Direito Tribut\u00e1rio<\/strong>. Campinas: Copola, 1999.<\/li>\n<li>XAVIER, Alberto. <strong>Tipicidade da Tributa\u00e7\u00e3o, Simula\u00e7\u00e3o e norma Antielisiva.<\/strong>\u00a0S\u00e3o Paulo, Dial\u00e9tica,\u00a02002<\/li>\n<li>BONILHA, Paulo Celso Bergstrom. <strong>Da Prova no Processo Administrativo Tribut\u00e1rio<\/strong>. S\u00e3o Paulo, Dial\u00e9tica, 1997.<\/li>\n<\/ol>\n","protected":false},"excerpt":{"rendered":"<p>Livros sobre Direito Tribut\u00e1rio e ICMS que recomendo Clique na capara para ver os detalhes<\/p>\n","protected":false},"author":1,"featured_media":0,"parent":0,"menu_order":0,"comment_status":"closed","ping_status":"closed","template":"","meta":{"footnotes":""},"class_list":["post-7485","page","type-page","status-publish","hentry"],"_links":{"self":[{"href":"https:\/\/alcantara.pro.br\/portal\/wp-json\/wp\/v2\/pages\/7485","targetHints":{"allow":["GET"]}}],"collection":[{"href":"https:\/\/alcantara.pro.br\/portal\/wp-json\/wp\/v2\/pages"}],"about":[{"href":"https:\/\/alcantara.pro.br\/portal\/wp-json\/wp\/v2\/types\/page"}],"author":[{"embeddable":true,"href":"https:\/\/alcantara.pro.br\/portal\/wp-json\/wp\/v2\/users\/1"}],"replies":[{"embeddable":true,"href":"https:\/\/alcantara.pro.br\/portal\/wp-json\/wp\/v2\/comments?post=7485"}],"version-history":[{"count":0,"href":"https:\/\/alcantara.pro.br\/portal\/wp-json\/wp\/v2\/pages\/7485\/revisions"}],"wp:attachment":[{"href":"https:\/\/alcantara.pro.br\/portal\/wp-json\/wp\/v2\/media?parent=7485"}],"curies":[{"name":"wp","href":"https:\/\/api.w.org\/{rel}","templated":true}]}}