{"id":14300,"date":"2025-06-10T15:26:10","date_gmt":"2025-06-10T15:26:10","guid":{"rendered":"https:\/\/alcantara.pro.br\/portal\/?page_id=14300"},"modified":"2025-06-13T19:06:11","modified_gmt":"2025-06-13T19:06:11","slug":"portofolio-cursos-2-semestre-2025-01","status":"publish","type":"page","link":"https:\/\/alcantara.pro.br\/portal\/portofolio-cursos-2-semestre-2025-01\/","title":{"rendered":"Portf\u00f3lio de Cursos | 2025 &#8211; 2\u00ba Semestre"},"content":{"rendered":"<p style=\"padding-left: 40px; text-align: justify;\"><div id=\"ez-toc-container\" class=\"ez-toc-v2_0_82_2 counter-hierarchy ez-toc-counter ez-toc-grey ez-toc-container-direction\">\n<div class=\"ez-toc-title-container\">\n<p class=\"ez-toc-title\" style=\"cursor:inherit\">\u00cdndice<\/p>\n<span class=\"ez-toc-title-toggle\"><a href=\"#\" class=\"ez-toc-pull-right ez-toc-btn ez-toc-btn-xs ez-toc-btn-default ez-toc-toggle\" aria-label=\"Alternar tabela de conte\u00fado\"><span class=\"ez-toc-js-icon-con\"><span class=\"\"><span class=\"eztoc-hide\" style=\"display:none;\">Toggle<\/span><span class=\"ez-toc-icon-toggle-span\"><svg style=\"fill: #999;color:#999\" xmlns=\"http:\/\/www.w3.org\/2000\/svg\" class=\"list-377408\" width=\"20px\" height=\"20px\" viewBox=\"0 0 24 24\" fill=\"none\"><path d=\"M6 6H4v2h2V6zm14 0H8v2h12V6zM4 11h2v2H4v-2zm16 0H8v2h12v-2zM4 16h2v2H4v-2zm16 0H8v2h12v-2z\" fill=\"currentColor\"><\/path><\/svg><svg style=\"fill: #999;color:#999\" class=\"arrow-unsorted-368013\" xmlns=\"http:\/\/www.w3.org\/2000\/svg\" width=\"10px\" height=\"10px\" viewBox=\"0 0 24 24\" version=\"1.2\" baseProfile=\"tiny\"><path d=\"M18.2 9.3l-6.2-6.3-6.2 6.3c-.2.2-.3.4-.3.7s.1.5.3.7c.2.2.4.3.7.3h11c.3 0 .5-.1.7-.3.2-.2.3-.5.3-.7s-.1-.5-.3-.7zM5.8 14.7l6.2 6.3 6.2-6.3c.2-.2.3-.5.3-.7s-.1-.5-.3-.7c-.2-.2-.4-.3-.7-.3h-11c-.3 0-.5.1-.7.3-.2.2-.3.5-.3.7s.1.5.3.7z\"\/><\/svg><\/span><\/span><\/span><\/a><\/span><\/div>\n<nav><ul class='ez-toc-list ez-toc-list-level-1 ' ><li class='ez-toc-page-1 ez-toc-heading-level-4'><a class=\"ez-toc-link ez-toc-heading-1\" href=\"https:\/\/alcantara.pro.br\/portal\/portofolio-cursos-2-semestre-2025-01\/#Auditoria_Contabil_Tributaria_com_Foco_na_Identificacao_de_Fraudes_Contabeis_%E2%80%93_Basico_aqui\" >Auditoria Cont\u00e1bil Tribut\u00e1ria com Foco na Identifica\u00e7\u00e3o de Fraudes Cont\u00e1beis &#8211; B\u00e1sico\u00a0(aqui)<\/a><\/li><li class='ez-toc-page-1 ez-toc-heading-level-4'><a class=\"ez-toc-link ez-toc-heading-2\" href=\"https:\/\/alcantara.pro.br\/portal\/portofolio-cursos-2-semestre-2025-01\/#Auditoria_Contabil_Tributaria_com_Foco_na_Identificacao_de_Fraudes_Contabeis_%E2%80%93_Intermediario\" >Auditoria Cont\u00e1bil Tribut\u00e1ria com Foco na Identifica\u00e7\u00e3o de Fraudes Cont\u00e1beis \u2013 Intermedi\u00e1rio<\/a><\/li><li class='ez-toc-page-1 ez-toc-heading-level-4'><a class=\"ez-toc-link ez-toc-heading-3\" href=\"https:\/\/alcantara.pro.br\/portal\/portofolio-cursos-2-semestre-2025-01\/#Auditoria_Contabil_Tributaria_com_Foco_na_Identificacao_de_Fraudes_Contabeis_%E2%80%93_Oficina_Avancada\" >Auditoria Cont\u00e1bil Tribut\u00e1ria com Foco na Identifica\u00e7\u00e3o de Fraudes Cont\u00e1beis \u2013 Oficina Avan\u00e7ada<\/a><\/li><li class='ez-toc-page-1 ez-toc-heading-level-4'><a class=\"ez-toc-link ez-toc-heading-4\" href=\"https:\/\/alcantara.pro.br\/portal\/portofolio-cursos-2-semestre-2025-01\/#Fraudes_Contabeis_do_ICMS_nos_Tribunais\" >Fraudes Cont\u00e1beis do ICMS nos Tribunais<\/a><\/li><li class='ez-toc-page-1 ez-toc-heading-level-4'><a class=\"ez-toc-link ez-toc-heading-5\" href=\"https:\/\/alcantara.pro.br\/portal\/portofolio-cursos-2-semestre-2025-01\/#Escrituracao_Contabil_Essencial_para_Auditores_Fiscais\" >Escritura\u00e7\u00e3o Cont\u00e1bil Essencial para Auditores Fiscais<\/a><\/li><li class='ez-toc-page-1 ez-toc-heading-level-4'><a class=\"ez-toc-link ez-toc-heading-6\" href=\"https:\/\/alcantara.pro.br\/portal\/portofolio-cursos-2-semestre-2025-01\/#As_Presuncoes_de_Omissao_de_Receita_no_Imposto_sobre_Bens_e_Servicos_IBS\" >As Presun\u00e7\u00f5es de Omiss\u00e3o de Receita no Imposto sobre Bens e Servi\u00e7os (IBS)<\/a><\/li><\/ul><\/nav><\/div>\n<\/p>\n<h4 style=\"text-align: justify;\"><span class=\"ez-toc-section\" id=\"Auditoria_Contabil_Tributaria_com_Foco_na_Identificacao_de_Fraudes_Contabeis_%E2%80%93_Basico_aqui\"><\/span><span style=\"color: #008000;\"><strong>Auditoria Cont\u00e1bil Tribut\u00e1ria com Foco na Identifica\u00e7\u00e3o de Fraudes Cont\u00e1beis &#8211; B\u00e1sico<\/strong><\/span>\u00a0(<a href=\"https:\/\/alcantara.pro.br\/portal\/auditoria-contabil-tributaria-icms-issqn-introdutorio\/\" target=\"_blank\" rel=\"noopener\">aqui<\/a>)<span class=\"ez-toc-section-end\"><\/span><\/h4>\n<blockquote><p>\ud83d\udd0d <strong>Descubra como identificar fraudes cont\u00e1beis e recuperar cr\u00e9ditos tribut\u00e1rios!<\/strong><\/p>\n<p>Voc\u00ea, auditor fiscal, est\u00e1 preparado para combater fraudes cont\u00e1beis no \u00e2mbito do ICMS e ISSQN? Nosso curso b\u00e1sico vai te proporcionar o conhecimento essencial sobre <strong>Escritura\u00e7\u00e3o Cont\u00e1bil Digital (ECD)<\/strong> e as principais t\u00e9cnicas de auditoria cont\u00e1bil e a import\u00e2ncia de utilizar as ferramentas mais modernas de auditoria \u00e0 disposi\u00e7\u00e3o das administra\u00e7\u00f5es tribut\u00e1rias. Com um m\u00e9todo pr\u00e1tico e din\u00e2mico, voc\u00ea sair\u00e1 capacitado para detectar irregularidades e recuperar tributos de forma eficiente. <strong>Garanta sua vaga e proteja os cofres p\u00fablicos com conhecimento especializado!<\/strong><\/p><\/blockquote>\n<h4 style=\"text-align: justify;\"><span class=\"ez-toc-section\" id=\"Auditoria_Contabil_Tributaria_com_Foco_na_Identificacao_de_Fraudes_Contabeis_%E2%80%93_Intermediario\"><\/span><span style=\"color: #008000;\"><strong>Auditoria Cont\u00e1bil Tribut\u00e1ria com Foco na Identifica\u00e7\u00e3o de Fraudes Cont\u00e1beis \u2013 Intermedi\u00e1rio<\/strong><\/span><span class=\"ez-toc-section-end\"><\/span><\/h4>\n<blockquote><p><strong>\u00a0<\/strong>\ud83d\udcca <strong>Aprofunde seus conhecimentos e aumente a efic\u00e1cia da sua auditoria!<\/strong><\/p>\n<p>Se voc\u00ea j\u00e1 domina os conceitos b\u00e1sicos de <strong>Escritura\u00e7\u00e3o Cont\u00e1bil Digital (ECD)<\/strong>, este curso aprofunda os conceitos e t\u00e9cnicas chaves de auditoria cont\u00e1bil tribut\u00e1ria. Este curso intermedi\u00e1rio vai elevar seu n\u00edvel de atua\u00e7\u00e3o. Aqui, voc\u00ea aprender\u00e1 t\u00e9cnicas avan\u00e7adas para analisar documentos fiscais, rastrear fraudes e aplicar auditorias eficientes ao ICMS e ISSQN. Com uma abordagem pr\u00e1tica, incluindo uma mini oficina de auditoria cont\u00e1bil, voc\u00ea desenvolver\u00e1 habilidades essenciais para otimizar sua fiscaliza\u00e7\u00e3o. <strong>Transforme-se em um especialista em auditoria tribut\u00e1ria e fa\u00e7a a diferen\u00e7a no combate \u00e0 sonega\u00e7\u00e3o!<\/strong><\/p><\/blockquote>\n<h4 style=\"text-align: justify;\"><span class=\"ez-toc-section\" id=\"Auditoria_Contabil_Tributaria_com_Foco_na_Identificacao_de_Fraudes_Contabeis_%E2%80%93_Oficina_Avancada\"><\/span><span style=\"color: #008000;\"><strong>Auditoria Cont\u00e1bil Tribut\u00e1ria com Foco na Identifica\u00e7\u00e3o de Fraudes Cont\u00e1beis \u2013 Oficina Avan\u00e7ada<\/strong><\/span><span class=\"ez-toc-section-end\"><\/span><\/h4>\n<blockquote><p><strong>\u00a0<\/strong>\ud83d\ude80 <strong>Simule auditorias reais e fortale\u00e7a sua expertise na detec\u00e7\u00e3o de fraudes!<\/strong><\/p>\n<p>Este curso n\u00e3o \u00e9 apenas uma capacita\u00e7\u00e3o, \u00e9 uma <strong>experi\u00eancia imersiva<\/strong>! Com uma oficina pr\u00e1tica, voc\u00ea atuar\u00e1 como auditor em uma simula\u00e7\u00e3o realista de fiscaliza\u00e7\u00e3o cont\u00e1bil, lidando com casos de fraude no ICMS e ISSQN. Utilizando dados da <strong>ECD, EFD e documentos fiscais eletr\u00f4nicos<\/strong> voc\u00ea ter\u00e1 uma experi\u00eancia atrav\u00e9s de uma metodologia in\u00e9dita para aprimorar suas t\u00e9cnicas e tomar decis\u00f5es estrat\u00e9gicas na condu\u00e7\u00e3o de uma auditoria cont\u00e1bil tribut\u00e1ria, baseadas em evid\u00eancias. <strong>Garanta seu lugar e aprenda na pr\u00e1tica como conduzir auditorias eficientes!<\/strong><\/p><\/blockquote>\n<h4 style=\"text-align: justify;\"><span class=\"ez-toc-section\" id=\"Fraudes_Contabeis_do_ICMS_nos_Tribunais\"><\/span><span style=\"color: #008000;\"><strong>Fraudes Cont\u00e1beis do ICMS nos Tribunais<\/strong><\/span><span class=\"ez-toc-section-end\"><\/span><\/h4>\n<blockquote><p>\u2696\ufe0f <strong>Entenda como as fraudes cont\u00e1beis s\u00e3o interpretadas nos tribunais!<\/strong><\/p>\n<p>Voc\u00ea sabe como os tribunais administrativos e judiciais avaliam fraudes cont\u00e1beis no ICMS? Este curso te dar\u00e1 uma vis\u00e3o aprofundada sobre as <strong>tipologias de fraudes cont\u00e1beis<\/strong>, a jurisprud\u00eancia relevante e a legisla\u00e7\u00e3o aplicada. Ideal para auditores fiscais e profissionais do contencioso tribut\u00e1rio, essa forma\u00e7\u00e3o ajudar\u00e1 voc\u00ea a interpretar e utilizar decis\u00f5es judiciais em processos fiscais. <strong>N\u00e3o perca a chance de fortalecer seus argumentos e melhorar a efic\u00e1cia da fiscaliza\u00e7\u00e3o!<\/strong><\/p><\/blockquote>\n<h4 style=\"text-align: justify;\"><span class=\"ez-toc-section\" id=\"Escrituracao_Contabil_Essencial_para_Auditores_Fiscais\"><\/span><span style=\"color: #008000;\"><strong>Escritura\u00e7\u00e3o Cont\u00e1bil Essencial para Auditores Fiscais<\/strong><\/span><span class=\"ez-toc-section-end\"><\/span><\/h4>\n<blockquote><p>\ud83d\udcd6 <strong>Domine a Escritura\u00e7\u00e3o Cont\u00e1bil Digital e amplie suas compet\u00eancias fiscais!<\/strong><\/p>\n<p>Se voc\u00ea \u00e9 auditor fiscal e deseja aprimorar sua an\u00e1lise da <strong>Escritura\u00e7\u00e3o Cont\u00e1bil Digital (ECD)<\/strong>, este curso \u00e9 essencial! Aprenda sobre obrigatoriedade, leiautes, lan\u00e7amentos cont\u00e1beis e obtenha uma vis\u00e3o dos programas oficiais utilizados na auditoria cont\u00e1bil (PGE e ReceitaNetBX). Com uma abordagem te\u00f3rica e pr\u00e1tica, voc\u00ea ser\u00e1 capaz de compreender como a ECD \u00e9 um instrumento estrat\u00e9gico na auditoria cont\u00e1bil tribut\u00e1ria. <strong>Invista no seu conhecimento e torne-se um especialista na an\u00e1lise cont\u00e1bil digital!<\/strong><\/p><\/blockquote>\n<h4 style=\"text-align: justify;\"><span class=\"ez-toc-section\" id=\"As_Presuncoes_de_Omissao_de_Receita_no_Imposto_sobre_Bens_e_Servicos_IBS\"><\/span><span style=\"color: #008000;\"><strong>As Presun\u00e7\u00f5es de Omiss\u00e3o de Receita no Imposto sobre Bens e Servi\u00e7os (IBS)<\/strong><\/span><span class=\"ez-toc-section-end\"><\/span><\/h4>\n<blockquote>\n<p style=\"text-align: justify;\">\ud83d\udca1 <strong>Aprenda a identificar ind\u00edcios de sonega\u00e7\u00e3o no novo IBS!<\/strong><\/p>\n<p style=\"text-align: justify;\">Com a implementa\u00e7\u00e3o do Imposto sobre Bens e Servi\u00e7os (IBS), \u00e9 essencial que os auditores fiscais dominem as novas <strong>presun\u00e7\u00f5es de omiss\u00e3o de receita<\/strong>. Este curso online oferece de forma in\u00e9dita uma an\u00e1lise sobre como a Lei Complementar n\u00ba 214\/2025 define as presun\u00e7\u00f5es de omiss\u00e3o de receita que dever\u00e3o ser objeto de investiga\u00e7\u00e3o atrav\u00e9s da realiza\u00e7\u00e3o de auditorias de natureza cont\u00e1bil tribut\u00e1ria. Ideal para auditores fiscais estaduais e municipais. <strong>Garanta sua atualiza\u00e7\u00e3o e esteja \u00e0 frente na fiscaliza\u00e7\u00e3o tribut\u00e1ria!<\/strong><\/p>\n<p style=\"text-align: justify;\">\ud83d\udce2 <strong>Garanta sua vaga agora e leve sua atua\u00e7\u00e3o na auditoria tribut\u00e1ria para um novo n\u00edvel!<\/strong><\/p>\n<\/blockquote>\n<hr \/>\n<p style=\"text-align: center;\">Para mais informa\u00e7\u00f5es e inscri\u00e7\u00f5es, entre em contato com a <strong>Alcantara Educacional<\/strong>.<\/p>\n<p style=\"text-align: center;\">Agende uma reuni\u00e3o online com o Professor Alexandre Alcantara para conhecer maiores detalhes sobre cada um dos nossos cursos.<\/p>\n<p style=\"text-align: center;\">\ud83d\udcbb <strong>E-mail:<\/strong> <a href=\"mailto:al******************@***il.com\" data-original-string=\"n77XAQatbn9RrAkW3uY0sg==da5kwBDQd4dbyhhRmCv67NWfy+egwWwFn0nP4ACjdOp92A=\" title=\"This contact has been encoded by Anti-Spam by CleanTalk. Click to decode. To finish the decoding make sure that JavaScript is enabled in your browser.\"><span \n                data-original-string='Na0lgggUfr4A\/iIiN3+3eg==da52D4\/IRo0hQsjbhaJWITbjweYb6JFozj7JkDIlcx31ec='\n                class='apbct-email-encoder'\n                title='This contact has been encoded by Anti-Spam by CleanTalk. Click to decode. To finish the decoding make sure that JavaScript is enabled in your browser.'>al<span class=\"apbct-blur\">******************<\/span>@<span class=\"apbct-blur\">***<\/span>il.com<\/span><\/a><\/p>\n<p style=\"text-align: center;\">\ud83c\udf10 <strong>Site:<\/strong> <a href=\"http:\/\/www.alcantara.pro.br\/\">www.alcantara.pro.br<\/a><\/p>\n<p style=\"text-align: center;\">\ud83d\ude80 <strong>Transforme conhecimento em resultados!<\/strong> \ud83d\ude80<\/p>\n","protected":false},"excerpt":{"rendered":"<p>Auditoria Cont\u00e1bil Tribut\u00e1ria com Foco na Identifica\u00e7\u00e3o de Fraudes Cont\u00e1beis &#8211; B\u00e1sico\u00a0(aqui) \ud83d\udd0d Descubra como<\/p>\n","protected":false},"author":1,"featured_media":0,"parent":0,"menu_order":0,"comment_status":"closed","ping_status":"closed","template":"","meta":{"footnotes":""},"class_list":["post-14300","page","type-page","status-publish","hentry"],"_links":{"self":[{"href":"https:\/\/alcantara.pro.br\/portal\/wp-json\/wp\/v2\/pages\/14300","targetHints":{"allow":["GET"]}}],"collection":[{"href":"https:\/\/alcantara.pro.br\/portal\/wp-json\/wp\/v2\/pages"}],"about":[{"href":"https:\/\/alcantara.pro.br\/portal\/wp-json\/wp\/v2\/types\/page"}],"author":[{"embeddable":true,"href":"https:\/\/alcantara.pro.br\/portal\/wp-json\/wp\/v2\/users\/1"}],"replies":[{"embeddable":true,"href":"https:\/\/alcantara.pro.br\/portal\/wp-json\/wp\/v2\/comments?post=14300"}],"version-history":[{"count":5,"href":"https:\/\/alcantara.pro.br\/portal\/wp-json\/wp\/v2\/pages\/14300\/revisions"}],"predecessor-version":[{"id":14347,"href":"https:\/\/alcantara.pro.br\/portal\/wp-json\/wp\/v2\/pages\/14300\/revisions\/14347"}],"wp:attachment":[{"href":"https:\/\/alcantara.pro.br\/portal\/wp-json\/wp\/v2\/media?parent=14300"}],"curies":[{"name":"wp","href":"https:\/\/api.w.org\/{rel}","templated":true}]}}