{"id":11,"date":"2021-04-09T01:24:47","date_gmt":"2021-04-09T01:24:47","guid":{"rendered":"https:\/\/alcantara.pro.br\/site\/?page_id=11"},"modified":"2026-03-18T23:24:00","modified_gmt":"2026-03-18T23:24:00","slug":"sobre","status":"publish","type":"page","link":"https:\/\/alcantara.pro.br\/portal\/sobre\/","title":{"rendered":"Sobre"},"content":{"rendered":"<div style=\"font-family: arial, helvetica, sans-serif; max-width: 900px; margin: 0 auto; color: #2c3e50; line-height: 1.7; background-color: #ffffff; padding: 40px; border: 1px solid #eef2f7; box-shadow: 0 4px 20px rgba(0,0,0,0.05); border-radius: 12px;\">\n<header style=\"display: flex; flex-wrap: wrap; align-items: center; gap: 30px; border-bottom: 3px solid #34495e; padding-bottom: 30px; margin-bottom: 30px;\">\n<div style=\"flex: 1; min-width: 300px;\">\n<p style=\"font-size: 28px; margin: 0; color: #1a252f;\"><strong>Prof. Me. Alexandre Alcantara da Silva<\/strong><\/p>\n<p style=\"font-size: 18px; color: #7f8c8d; margin-top: 5px; font-weight: 300; font-style: italic;\">Expert em Auditoria Cont\u00e1bil Tribut\u00e1ria<\/p>\n<\/div>\n<div style=\"flex-shrink: 0;\"><img decoding=\"async\" class=\"wp-image-15139\" style=\"border-radius: 8px; box-shadow: 0 4px 10px rgba(0,0,0,0.1);\" src=\"https:\/\/alcantara.pro.br\/portal\/wp-content\/uploads\/2026\/01\/2024-ALEXANDRE-ALCANTARA.jpg\" alt=\"Alexandre Alcantara\" width=\"220\" srcset=\"https:\/\/alcantara.pro.br\/portal\/wp-content\/uploads\/2026\/01\/2024-ALEXANDRE-ALCANTARA.jpg 483w, https:\/\/alcantara.pro.br\/portal\/wp-content\/uploads\/2026\/01\/2024-ALEXANDRE-ALCANTARA-300x296.jpg 300w\" sizes=\"(max-width: 483px) 100vw, 483px\" \/><\/div>\n<\/header>\n<section style=\"margin-bottom: 30px;\">\n<div id=\"ez-toc-container\" class=\"ez-toc-v2_0_82_2 counter-hierarchy ez-toc-counter ez-toc-grey ez-toc-container-direction\">\n<div class=\"ez-toc-title-container\">\n<p class=\"ez-toc-title\" style=\"cursor:inherit\">\u00cdndice<\/p>\n<span class=\"ez-toc-title-toggle\"><a href=\"#\" class=\"ez-toc-pull-right ez-toc-btn ez-toc-btn-xs ez-toc-btn-default ez-toc-toggle\" aria-label=\"Alternar tabela de conte\u00fado\"><span class=\"ez-toc-js-icon-con\"><span class=\"\"><span class=\"eztoc-hide\" style=\"display:none;\">Toggle<\/span><span class=\"ez-toc-icon-toggle-span\"><svg style=\"fill: #999;color:#999\" xmlns=\"http:\/\/www.w3.org\/2000\/svg\" class=\"list-377408\" width=\"20px\" height=\"20px\" viewBox=\"0 0 24 24\" fill=\"none\"><path d=\"M6 6H4v2h2V6zm14 0H8v2h12V6zM4 11h2v2H4v-2zm16 0H8v2h12v-2zM4 16h2v2H4v-2zm16 0H8v2h12v-2z\" fill=\"currentColor\"><\/path><\/svg><svg style=\"fill: #999;color:#999\" class=\"arrow-unsorted-368013\" xmlns=\"http:\/\/www.w3.org\/2000\/svg\" width=\"10px\" height=\"10px\" viewBox=\"0 0 24 24\" version=\"1.2\" baseProfile=\"tiny\"><path d=\"M18.2 9.3l-6.2-6.3-6.2 6.3c-.2.2-.3.4-.3.7s.1.5.3.7c.2.2.4.3.7.3h11c.3 0 .5-.1.7-.3.2-.2.3-.5.3-.7s-.1-.5-.3-.7zM5.8 14.7l6.2 6.3 6.2-6.3c.2-.2.3-.5.3-.7s-.1-.5-.3-.7c-.2-.2-.4-.3-.7-.3h-11c-.3 0-.5.1-.7.3-.2.2-.3.5-.3.7s.1.5.3.7z\"\/><\/svg><\/span><\/span><\/span><\/a><\/span><\/div>\n<nav><ul class='ez-toc-list ez-toc-list-level-1 ' ><li class='ez-toc-page-1 ez-toc-heading-level-2'><a class=\"ez-toc-link ez-toc-heading-1\" href=\"https:\/\/alcantara.pro.br\/portal\/sobre\/#Formacao_Academica\" >Forma\u00e7\u00e3o Acad\u00eamica<\/a><\/li><li class='ez-toc-page-1 ez-toc-heading-level-2'><a class=\"ez-toc-link ez-toc-heading-2\" href=\"https:\/\/alcantara.pro.br\/portal\/sobre\/#Atuacao_Profissional\" >Atua\u00e7\u00e3o Profissional<\/a><\/li><li class='ez-toc-page-1 ez-toc-heading-level-2'><a class=\"ez-toc-link ez-toc-heading-3\" href=\"https:\/\/alcantara.pro.br\/portal\/sobre\/#Trajetoria_na_Area_Tributaria\" >Trajet\u00f3ria na \u00c1rea Tribut\u00e1ria<\/a><ul class='ez-toc-list-level-3' ><li class='ez-toc-heading-level-3'><a class=\"ez-toc-link ez-toc-heading-4\" href=\"https:\/\/alcantara.pro.br\/portal\/sobre\/#1_Auditor_Fiscal_da_SEFAZ_Bahia_1987-2022\" >1. Auditor Fiscal da SEFAZ Bahia (1987-2022)<\/a><\/li><li class='ez-toc-page-1 ez-toc-heading-level-3'><a class=\"ez-toc-link ez-toc-heading-5\" href=\"https:\/\/alcantara.pro.br\/portal\/sobre\/#2_ENCAT_Lider_Nacional_de_Auditoria_Fisco-Contabil\" >2. ENCAT (L\u00edder Nacional de Auditoria Fisco-Cont\u00e1bil)<\/a><\/li><\/ul><\/li><li class='ez-toc-page-1 ez-toc-heading-level-2'><a class=\"ez-toc-link ez-toc-heading-6\" href=\"https:\/\/alcantara.pro.br\/portal\/sobre\/#Obras_e_Livros\" >Obras e Livros<\/a><\/li><li class='ez-toc-page-1 ez-toc-heading-level-2'><a class=\"ez-toc-link ez-toc-heading-7\" href=\"https:\/\/alcantara.pro.br\/portal\/sobre\/#Treinamentos_Realizados\" >Treinamentos Realizados<\/a><\/li><li class='ez-toc-page-1 ez-toc-heading-level-2'><a class=\"ez-toc-link ez-toc-heading-8\" href=\"https:\/\/alcantara.pro.br\/portal\/sobre\/#Palestras_e_Congressos\" >Palestras e Congressos<\/a><\/li><li class='ez-toc-page-1 ez-toc-heading-level-2'><a class=\"ez-toc-link ez-toc-heading-9\" href=\"https:\/\/alcantara.pro.br\/portal\/sobre\/#Educacao_Digital\" >Educa\u00e7\u00e3o Digital<\/a><\/li><li class='ez-toc-page-1 ez-toc-heading-level-2'><a class=\"ez-toc-link ez-toc-heading-10\" href=\"https:\/\/alcantara.pro.br\/portal\/sobre\/#Servico_Voluntario\" >Servi\u00e7o Volunt\u00e1rio<\/a><\/li><li class='ez-toc-page-1 ez-toc-heading-level-2'><a class=\"ez-toc-link ez-toc-heading-11\" href=\"https:\/\/alcantara.pro.br\/portal\/sobre\/#Titulos_e_Premios\" >T\u00edtulos e Pr\u00eamios<\/a><\/li><\/ul><\/nav><\/div>\n<h2 style=\"font-size: 18px; text-transform: uppercase; letter-spacing: 1px; color: #2980b9; border-bottom: 1px solid #d4e6f1; padding-bottom: 5px; margin-bottom: 15px;\"><span class=\"ez-toc-section\" id=\"Formacao_Academica\"><\/span>Forma\u00e7\u00e3o Acad\u00eamica<span class=\"ez-toc-section-end\"><\/span><\/h2>\n<ul style=\"list-style-type: none; padding-left: 0;\">\n<li style=\"margin-bottom: 8px;\">\u2022 Mestre em Desenvolvimento Regional e Meio Ambiente (UESC).<\/li>\n<li style=\"margin-bottom: 8px;\">\u2022 Especialista em Direito Tribut\u00e1rio (UFBA).<\/li>\n<li style=\"margin-bottom: 8px;\">\u2022 Especialista em Gest\u00e3o Tribut\u00e1ria (UNIFACS).<\/li>\n<li style=\"margin-bottom: 8px;\">\u2022 Bacharel em Ci\u00eancias Cont\u00e1beis.<\/li>\n<\/ul>\n<\/section>\n<section style=\"display: flex; flex-wrap: wrap; gap: 20px; background: #f8f9fa; padding: 20px; border-radius: 8px; margin-bottom: 30px;\">\n<div style=\"flex: 1;\"><strong style=\"display: block; margin-bottom: 5px; color: #34495e;\">Site Pessoal<\/strong><br \/>\n<a style=\"color: #2980b9; text-decoration: none;\" href=\"http:\/\/www.alcantara.pro.br\">www.alcantara.pro.br<\/a><\/div>\n<div style=\"flex: 1;\"><strong style=\"display: block; margin-bottom: 5px; color: #34495e;\">Site Educacional<\/strong><br \/>\n<a style=\"color: #2980b9; text-decoration: none;\" href=\"https:\/\/alcantara.pro.br\/portal\/alcantaraeducacional\/\" target=\"_blank\" rel=\"noopener\">alcantaraeducacional<\/a><\/div>\n<\/section>\n<section style=\"margin-bottom: 30px;\">\n<h2 style=\"font-size: 18px; text-transform: uppercase; letter-spacing: 1px; color: #2980b9; border-bottom: 1px solid #d4e6f1; padding-bottom: 5px; margin-bottom: 15px;\"><span class=\"ez-toc-section\" id=\"Atuacao_Profissional\"><\/span>Atua\u00e7\u00e3o Profissional<span class=\"ez-toc-section-end\"><\/span><\/h2>\n<ul style=\"padding-left: 20px;\">\n<li style=\"margin-bottom: 10px;\"><strong>Professor universit\u00e1rio<\/strong> \u2013 Ministra aula desde 2004 em cursos de p\u00f3s-gradua\u00e7\u00e3o <em>lato sensu<\/em> em v\u00e1rias institui\u00e7\u00f5es de ensino superior do Brasil.<\/li>\n<li style=\"margin-bottom: 10px;\"><strong>Instrutor In Company<\/strong> &#8211; Realiza treinamentos, palestras e workshops para equipes de auditores fiscais estaduais e municipais sobre Auditoria Cont\u00e1bil Tribut\u00e1ria.<\/li>\n<li style=\"margin-bottom: 10px;\"><strong>Palestrante<\/strong> \u2013 Atua\u00e7\u00e3o no Sistema CFC (CRC-BA, CRC-MT, CRC-SE).<\/li>\n<li style=\"margin-bottom: 10px;\"><strong>CRC-BA<\/strong> &#8211; Membro Efetivo da Comiss\u00e3o de Estudos T\u00e9cnicos (2022-2023; 2024-2025; 2026-2027).<\/li>\n<li style=\"margin-bottom: 10px;\"><strong>Perito Cont\u00e1bil<\/strong> &#8211; Com registro no Cadastro Nacional de Peritos do CFC.<\/li>\n<li style=\"margin-bottom: 10px;\"><strong>Consultoria para administra\u00e7\u00f5es tribut\u00e1rias<\/strong> \u2013 Foco em implanta\u00e7\u00e3o de equipes, roteiros de auditoria, trilhas de aprendizagem e revis\u00e3o de normas tribut\u00e1rias (LC 105\/2001).<\/li>\n<\/ul>\n<\/section>\n<section style=\"margin-bottom: 30px; background: #ffffff; border: 1px solid #eef2f7; padding: 25px; border-radius: 8px;\">\n<h2 style=\"font-size: 20px; color: #1a252f; margin-bottom: 20px; text-align: center;\"><span class=\"ez-toc-section\" id=\"Trajetoria_na_Area_Tributaria\"><\/span>Trajet\u00f3ria na \u00c1rea Tribut\u00e1ria<span class=\"ez-toc-section-end\"><\/span><\/h2>\n<div style=\"margin-bottom: 25px;\">\n<h3 style=\"font-size: 16px; color: #2980b9; margin-bottom: 10px;\"><span class=\"ez-toc-section\" id=\"1_Auditor_Fiscal_da_SEFAZ_Bahia_1987-2022\"><\/span>1. Auditor Fiscal da SEFAZ Bahia (1987-2022)<span class=\"ez-toc-section-end\"><\/span><\/h3>\n<ul style=\"padding-left: 20px; font-size: 15px;\">\n<li style=\"margin-bottom: 8px;\">Representante no Projeto Nacional do SPED para a Escritura\u00e7\u00e3o Cont\u00e1bil Digital (ECD).<\/li>\n<li style=\"margin-bottom: 8px;\">Especialista em fraudes cont\u00e1beis e adequa\u00e7\u00e3o da legisla\u00e7\u00e3o do ICMS ao ambiente digital.<\/li>\n<li style=\"margin-bottom: 8px;\">Inspetor fazend\u00e1rio de contribuintes de grande porte.<\/li>\n<li style=\"margin-bottom: 8px;\">Representante junto ao ENCAT.<\/li>\n<\/ul>\n<\/div>\n<div>\n<h3 style=\"font-size: 16px; color: #2980b9; margin-bottom: 10px;\"><span class=\"ez-toc-section\" id=\"2_ENCAT_Lider_Nacional_de_Auditoria_Fisco-Contabil\"><\/span>2. ENCAT (L\u00edder Nacional de Auditoria Fisco-Cont\u00e1bil)<span class=\"ez-toc-section-end\"><\/span><\/h3>\n<ul style=\"padding-left: 20px; font-size: 15px;\">\n<li style=\"margin-bottom: 8px;\">L\u00edder de GT por cinco anos (2017-2022).<\/li>\n<li style=\"margin-bottom: 8px;\">Criador da <a style=\"color: #2980b9;\" href=\"https:\/\/alcantara.pro.br\/portal\/2018\/08\/30\/trilhas-de-aprendizagem-em-auditoria-contabil-tributaria\/\" target=\"_blank\" rel=\"noopener\">Trilha de Aprendizagem em Auditoria<\/a>.<\/li>\n<li style=\"margin-bottom: 8px;\">Autor de documentos t\u00e9cnicos: Benchmarking Legisla\u00e7\u00e3o, Roteiros de Auditoria, Aplicativos de Auditoria e Modelo Organizacional.<\/li>\n<\/ul>\n<\/div>\n<\/section>\n<section style=\"margin-bottom: 30px;\">\n<h2 style=\"font-size: 18px; text-transform: uppercase; letter-spacing: 1px; color: #2980b9; border-bottom: 1px solid #d4e6f1; padding-bottom: 5px; margin-bottom: 15px;\"><span class=\"ez-toc-section\" id=\"Obras_e_Livros\"><\/span>Obras e Livros<span class=\"ez-toc-section-end\"><\/span><\/h2>\n<div style=\"display: grid; grid-template-columns: repeat(auto-fit, minmax(280px, 1fr)); gap: 15px;\">\n<div style=\"font-size: 14px; background: #fdfdfd; padding: 10px; border-left: 3px solid #2980b9;\"><strong>2017:<\/strong> <a href=\"https:\/\/alcantara.pro.br\/portal\/livro-analise-de-balancos\/\" target=\"_blank\" rel=\"noopener\">Estrutura e An\u00e1lise de Demonstra\u00e7\u00f5es Cont\u00e1beis<\/a><\/div>\n<div style=\"font-size: 14px; background: #fdfdfd; padding: 10px; border-left: 3px solid #2980b9;\"><strong>2018:<\/strong> <a href=\"https:\/\/alcantara.pro.br\/portal\/livro-fraudes-contabeis\/\" target=\"_blank\" rel=\"noopener\">Fraudes cont\u00e1beis e Repercuss\u00f5es Tribut\u00e1rias<\/a><\/div>\n<div style=\"font-size: 14px; background: #fdfdfd; padding: 10px; border-left: 3px solid #2980b9;\"><strong>2020:<\/strong> <a href=\"https:\/\/alcantara.pro.br\/portal\/2019\/12\/28\/livro-principios-de-analise-de-balanco\/\" target=\"_blank\" rel=\"noopener\">Princ\u00edpios de An\u00e1lise de Balan\u00e7o<\/a><\/div>\n<div style=\"font-size: 14px; background: #fdfdfd; padding: 10px; border-left: 3px solid #2980b9;\"><strong>2021:<\/strong> <a href=\"https:\/\/alcantara.pro.br\/portal\/2021\/12\/07\/e-book-decisoes-administrativas-e-judiciais-sobre-fraudes-contabeis-com-repercussao-tributaria-foco-especial-no-icms\/\" target=\"_blank\" rel=\"noopener\">Decis\u00f5es sobre Fraudes Cont\u00e1beis<\/a><\/div>\n<div style=\"font-size: 14px; background: #fdfdfd; padding: 10px; border-left: 3px solid #2980b9;\"><strong>2022:<\/strong> <a href=\"https:\/\/alcantara.pro.br\/portal\/2021\/01\/06\/livro-politicas-publicas-e-seus-efeitos-sobre-o-crescimento-da-cotonicultura-baiana-o-programa-de-incentivo-de-icms-atraves-do-proalba\/\" target=\"_blank\" rel=\"noopener\">Cotonicultura Baiana e PROALBA<\/a><\/div>\n<div style=\"font-size: 14px; background: #fdfdfd; padding: 10px; border-left: 3px solid #2980b9;\"><strong>2023:<\/strong> <a href=\"https:\/\/alcantara.pro.br\/portal\/2023\/10\/05\/livro-aspectos-contabeis-na-regulamentacao-do-issqn\/\" target=\"_blank\" rel=\"noopener\">Aspectos Cont\u00e1beis nos Normativos do ISSQN<\/a><\/div>\n<div style=\"font-size: 14px; background: #fdfdfd; padding: 10px; border-left: 3px solid #2980b9;\"><strong>2023:<\/strong> <a href=\"https:\/\/alcantara.pro.br\/portal\/2023\/10\/24\/livro-a-transferencia-de-sigilo-bancario-impactos-nos-trabalhos-de-auditoria-contabil-tributaria\/\" target=\"_blank\" rel=\"noopener\">Transfer\u00eancia de Sigilo Banc\u00e1rio<\/a><\/div>\n<div style=\"font-size: 14px; background: #fdfdfd; padding: 10px; border-left: 3px solid #2980b9;\"><strong>2025:<\/strong> <a href=\"https:\/\/alcantara.pro.br\/portal\/alcantaraeducacional\/manual.html\" target=\"_blank\" rel=\"noopener\">Manual de Auditoria Cont\u00e1bil Tribut\u00e1ria<\/a><\/div>\n<\/div>\n<\/section>\n<section style=\"margin-bottom: 30px;\">\n<h2 style=\"font-size: 18px; text-transform: uppercase; letter-spacing: 1px; color: #2980b9; border-bottom: 1px solid #d4e6f1; padding-bottom: 5px; margin-bottom: 15px;\"><span class=\"ez-toc-section\" id=\"Treinamentos_Realizados\"><\/span>Treinamentos Realizados<span class=\"ez-toc-section-end\"><\/span><\/h2>\n<p style=\"font-style: italic; font-size: 14px; color: #7f8c8d; margin-bottom: 10px;\">Capacita\u00e7\u00e3o de Auditores Fiscais em Secretarias Estaduais e Municipais:<\/p>\n<div style=\"font-size: 14px; color: #34495e;\">AM, <a href=\"https:\/\/alcantara.pro.br\/portal\/2020\/10\/14\/aula-escrituracao-contabil-digital-para-os-novos-auditores-da-sefaz-bahia\/\" target=\"_blank\" rel=\"noopener\">BA<\/a>, CE, <a href=\"https:\/\/alcantara.pro.br\/portal\/2024\/07\/03\/distrito-federal-curso-de-auditoria-contabil-tributaria-com-foco-na-ecd\/\" target=\"_blank\" rel=\"noopener\">DF<\/a>, <a href=\"https:\/\/alcantara.pro.br\/portal\/2022\/12\/15\/curso-auditoria-contabil-tributaria-do-icms-oferecido-pela-sefaz-paraiba\/\" target=\"_blank\" rel=\"noopener\">PB<\/a>, PE (<a href=\"https:\/\/alcantara.pro.br\/portal\/2025\/04\/28\/pernambuco-auditoria-contabil-tributaria-do-icms\/\" target=\"_blank\" rel=\"noopener\">T1<\/a>\/<a href=\"https:\/\/alcantara.pro.br\/portal\/2025\/12\/01\/capacitacao-em-auditoria-contabil-do-icms-sefaz-pernambuco-2a-turma\/\" target=\"_blank\" rel=\"noopener\">T2<\/a>), <a href=\"https:\/\/alcantara.pro.br\/portal\/2022\/10\/28\/treinamento-em-auditoria-contabil-para-a-set-rio-grande-do-norte\/\" target=\"_blank\" rel=\"noopener\">RN<\/a>, <a href=\"https:\/\/alcantara.pro.br\/portal\/2023\/05\/23\/curso-auditoria-contabil-tributaria-do-icms\/\" target=\"_blank\" rel=\"noopener\">RS<\/a>, <a href=\"https:\/\/alcantara.pro.br\/portal\/2024\/11\/03\/rondonia-curso-auditoriacontabil-tributaria-icms\/\" target=\"_blank\" rel=\"noopener\">RO<\/a>, <a href=\"https:\/\/alcantara.pro.br\/portal\/2022\/11\/24\/auditoria-contabil-curso-oferecido-pelo-sindifisco-sc-reune-42-auditores-fiscais-na-capital\/\" target=\"_blank\" rel=\"noopener\">SC<\/a>, <a href=\"https:\/\/alcantara.pro.br\/portal\/2025\/12\/01\/imersao-em-auditoria-contabil-capacitacao-na-semfaz-de-sao-luis\/\" target=\"_blank\" rel=\"noopener\">S\u00e3o Luis<\/a>, <a href=\"https:\/\/alcantara.pro.br\/portal\/2024\/06\/14\/sergipe-curso-de-auditoria-contabil-tributaria-com-foco-na-ecd\/\" target=\"_blank\" rel=\"noopener\">SE<\/a>, <a href=\"https:\/\/alcantara.pro.br\/portal\/2026\/03\/06\/capacitacao-em-auditoria-contabil-tributaria-do-icms-na-sefaz-sao-paulo\/\" target=\"_blank\" rel=\"noopener\">SP<\/a>,\u00a0 <a href=\"https:\/\/alcantara.pro.br\/portal\/2024\/09\/25\/curso-auditoria-contabil-sefaz-tocantins-2024\/\" target=\"_blank\" rel=\"noopener\">TO<\/a> e <a href=\"https:\/\/alcantara.pro.br\/portal\/2023\/06\/24\/curso-auditoria-contabil-com-foco-na-deteccao-de-fraudes-mpfpgrsppea\/\" target=\"_blank\" rel=\"noopener\">Minist\u00e9rio P\u00fablico Federal (Bras\u00edlia)<\/a>.<\/div>\n<\/section>\n<section style=\"margin-bottom: 30px;\">\n<h2 style=\"font-size: 18px; text-transform: uppercase; letter-spacing: 1px; color: #2980b9; border-bottom: 1px solid #d4e6f1; padding-bottom: 5px; margin-bottom: 15px;\"><span class=\"ez-toc-section\" id=\"Palestras_e_Congressos\"><\/span>Palestras e Congressos<span class=\"ez-toc-section-end\"><\/span><\/h2>\n<div style=\"font-size: 14px; line-height: 2;\"><strong>Estaduais:<\/strong> AL, <a href=\"https:\/\/alcantara.pro.br\/portal\/2022\/09\/23\/palestra-a-auditoria-contabil-na-recuperacao-do-credito-icms\/\" target=\"_blank\" rel=\"noopener\">AM<\/a>, BA, <a href=\"https:\/\/www.sefaz.ce.gov.br\/2019\/11\/26\/sefaz-promove-seminario-sobre-inteligencia-fiscal\/\" target=\"_blank\" rel=\"noopener\">CE<\/a>, DF, <a href=\"https:\/\/alcantara.pro.br\/portal\/2020\/11\/23\/sefaz-mato-grosso-e-crc-mt-promovem-webinar-para-debater-fraude-contabil-e-conformidade-tributaria\/\" target=\"_blank\" rel=\"noopener\">MT<\/a>, <a href=\"https:\/\/alcantara.pro.br\/portal\/2019\/09\/25\/auditoria-fisco-contabil-do-icms-evento-crira-recife\/\" target=\"_blank\" rel=\"noopener\">PE<\/a>, RS, SC, <a href=\"https:\/\/alcantara.pro.br\/portal\/2025\/08\/13\/seminario-sobre-auditoria-contabil-tributaria-na-sefaz-sp\/\" target=\"_blank\" rel=\"noopener\">SP<\/a>, <a href=\"https:\/\/alcantara.pro.br\/portal\/2023\/09\/29\/workshop-auditoria-contabil-na-recuperacao-do-credito-icms-desafios-e-oportunidades\/\" target=\"_blank\" rel=\"noopener\">SE<\/a>, TO.<br \/>\n<strong>Municipais:<\/strong> Cama\u00e7ari, Candeias, Salvador, S\u00e3o Paulo, <a href=\"https:\/\/alcantara.pro.br\/portal\/2016\/09\/15\/v-congresso-baiano-direito-municipal\/\" target=\"_blank\" rel=\"noopener\">ABAM (BA)<\/a>, <a href=\"https:\/\/alcantara.pro.br\/portal\/2024\/02\/29\/26o-encontro-de-servidores-e-dirigentes-de-financas-do-estado-de-sp\/\" target=\"_blank\" rel=\"noopener\">ASSEFIN (SP)<\/a>.<\/div>\n<\/section>\n<section style=\"display: grid; grid-template-columns: repeat(auto-fit, minmax(300px, 1fr)); gap: 30px; margin-bottom: 30px;\">\n<div style=\"background: #fdfdfd; padding: 20px; border-radius: 8px; border: 1px solid #eef2f7;\">\n<h2 style=\"font-size: 16px; color: #2c3e50; margin-bottom: 10px;\"><span class=\"ez-toc-section\" id=\"Educacao_Digital\"><\/span>Educa\u00e7\u00e3o Digital<span class=\"ez-toc-section-end\"><\/span><\/h2>\n<ul style=\"font-size: 14px; padding-left: 20px;\">\n<li style=\"margin-bottom: 5px;\"><a href=\"https:\/\/alcantara.pro.br\/portal\/2021\/02\/11\/auditores-do-tocantins-estao-participando-de-curso-sobre-ecd\/\" target=\"_blank\" rel=\"noopener\">Escritura\u00e7\u00e3o Cont\u00e1bil Digital<\/a><\/li>\n<li style=\"margin-bottom: 5px;\"><a href=\"https:\/\/alcantara.pro.br\/portal\/2021\/08\/10\/divulgacao-do-curso-contagil-lite-no-gdfaz\/\" target=\"_blank\" rel=\"noopener\">Sistema Cont\u00e1gil Lite<\/a><\/li>\n<li>Customiza\u00e7\u00e3o para ambiente Moodle (EGEFAZ\/RFB)<\/li>\n<\/ul>\n<\/div>\n<div style=\"background: #fdfdfd; padding: 20px; border-radius: 8px; border: 1px solid #eef2f7;\">\n<h2 style=\"font-size: 16px; color: #2c3e50; margin-bottom: 10px;\"><span class=\"ez-toc-section\" id=\"Servico_Voluntario\"><\/span>Servi\u00e7o Volunt\u00e1rio<span class=\"ez-toc-section-end\"><\/span><\/h2>\n<p style=\"font-size: 14px; margin: 0;\">Atuou como servidor volunt\u00e1rio na <strong>Secretaria de Fazenda do Tocantins<\/strong>, conforme Termo de Ades\u00e3o 01\/2024 (Lei 9.608\/1998).<\/p>\n<\/div>\n<\/section>\n<footer style=\"border-top: 1px solid #eee; padding-top: 20px;\">\n<h2 style=\"font-size: 18px; text-transform: uppercase; letter-spacing: 1px; color: #2980b9; margin-bottom: 15px;\"><span class=\"ez-toc-section\" id=\"Titulos_e_Premios\"><\/span>T\u00edtulos e Pr\u00eamios<span class=\"ez-toc-section-end\"><\/span><\/h2>\n<ul style=\"font-size: 14px; padding-left: 0; list-style-type: none;\">\n<li style=\"margin-bottom: 10px;\">\ud83c\udfc5 <a href=\"https:\/\/alcantara.pro.br\/portal\/2017\/11\/09\/posse_academiasergipanacontabeis\/\" target=\"_blank\" rel=\"noopener\">Medalha de Honra ao M\u00e9rito Jos\u00e9 Amado Nascimento<\/a> (Academia Sergipana de Ci\u00eancias Cont\u00e1beis).<\/li>\n<li style=\"margin-bottom: 10px;\">\ud83c\udf93 Membro Correspondente da Academia Sergipana de Ci\u00eancias Cont\u00e1beis.<\/li>\n<li style=\"margin-bottom: 10px;\">\ud83c\udfc6 <a href=\"https:\/\/pesquisas.alcantara.pro.br\/2003\/12\/31\/2003-rede-colaborativa-de-conhecimento\/\" target=\"_blank\" rel=\"noopener\">3\u00ba Pr\u00eamio Funda\u00e7\u00e3o Luis Eduardo Magalh\u00e3es<\/a> &#8211; Projeto: Rede Colaborativa de Conhecimento.<\/li>\n<\/ul>\n<\/footer>\n<\/div>\n","protected":false},"excerpt":{"rendered":"<p>Prof. Me. Alexandre Alcantara da Silva Expert em Auditoria Cont\u00e1bil Tribut\u00e1ria Forma\u00e7\u00e3o Acad\u00eamica \u2022 Mestre<\/p>\n","protected":false},"author":1,"featured_media":0,"parent":0,"menu_order":0,"comment_status":"closed","ping_status":"closed","template":"","meta":{"footnotes":""},"class_list":["post-11","page","type-page","status-publish","hentry"],"_links":{"self":[{"href":"https:\/\/alcantara.pro.br\/portal\/wp-json\/wp\/v2\/pages\/11","targetHints":{"allow":["GET"]}}],"collection":[{"href":"https:\/\/alcantara.pro.br\/portal\/wp-json\/wp\/v2\/pages"}],"about":[{"href":"https:\/\/alcantara.pro.br\/portal\/wp-json\/wp\/v2\/types\/page"}],"author":[{"embeddable":true,"href":"https:\/\/alcantara.pro.br\/portal\/wp-json\/wp\/v2\/users\/1"}],"replies":[{"embeddable":true,"href":"https:\/\/alcantara.pro.br\/portal\/wp-json\/wp\/v2\/comments?post=11"}],"version-history":[{"count":55,"href":"https:\/\/alcantara.pro.br\/portal\/wp-json\/wp\/v2\/pages\/11\/revisions"}],"predecessor-version":[{"id":15323,"href":"https:\/\/alcantara.pro.br\/portal\/wp-json\/wp\/v2\/pages\/11\/revisions\/15323"}],"wp:attachment":[{"href":"https:\/\/alcantara.pro.br\/portal\/wp-json\/wp\/v2\/media?parent=11"}],"curies":[{"name":"wp","href":"https:\/\/api.w.org\/{rel}","templated":true}]}}