{"id":11187,"date":"2021-04-10T06:59:43","date_gmt":"2021-04-10T06:59:43","guid":{"rendered":"https:\/\/alcantara.pro.br\/cafecompalavra\/?page_id=11187"},"modified":"2021-04-10T06:59:43","modified_gmt":"2021-04-10T06:59:43","slug":"sobre","status":"publish","type":"page","link":"https:\/\/alcantara.pro.br\/cafecompalavra\/sobre\/","title":{"rendered":"Sobre"},"content":{"rendered":"<p>Criei este blog para compartilhar com os amigos e irm\u00e3os conte\u00fados essenciais para o crescimento espiritual.<\/p>\n<p>O nome &#8220;<strong>Caf\u00e9 com Palavra<\/strong>&#8221; que dei ao blog \u00e9 em refer\u00eancia ao grupo de comunh\u00e3o e estudo b\u00edblico que come\u00e7amos a alguns anos, reunindo de casa em casa, uma vez por semana, aonde al\u00e9m de tomar caf\u00e9 estudamos a B\u00edblia juntos, oramos e compartilhamos alegrias e tristezas.<\/p>\n<p>Durante o tempo de pandemia as reuni\u00f5es presenciais deixaram de acontecer e os conte\u00fados vinham sendo compartilhados pelo grupo de Whats App, mas decidi que todo o conte\u00fado que at\u00e9 ent\u00e3o estava restrito a este pequeno grupo deveria ser compartilhado com um p\u00fablico maior.<\/p>\n<p>Aqui neste blog vamos compartilhar textos de mensagens, estudos b\u00edblicos, reflex\u00f5es minhas e de outras pessoas que eu li e gostei, apostilas, dicas de filmes e de livros, e-Books (gratuitos), enfim, de tudo um pouco.<\/p>\n<p>Bem vindos, um grande abra\u00e7o.<\/p>\n<p><strong>Alexandre Alcantara<\/strong><\/p>\n<p><strong><span style=\"color: #ff0000;\">DICA<\/span><\/strong><\/p>\n<p>Se voc\u00ea estiver navegando pelo celular clique nas tr\u00eas listrinhas ou nos tr\u00eas pontinhos que aparece logo abaixo do nome do blog para acessar o Menu de conte\u00fados mais abrangente.<\/p>\n","protected":false},"excerpt":{"rendered":"<p>Criei este blog para compartilhar com os amigos e irm\u00e3os conte\u00fados essenciais para o crescimento espiritual. O nome &#8220;Caf\u00e9 com Palavra&#8221; que dei ao blog \u00e9 em refer\u00eancia ao grupo de comunh\u00e3o e estudo b\u00edblico que come\u00e7amos a alguns anos, reunindo de casa em casa, uma vez por semana, aonde<\/p>\n","protected":false},"author":2,"featured_media":0,"parent":0,"menu_order":0,"comment_status":"closed","ping_status":"closed","template":"","meta":{"footnotes":""},"class_list":["post-11187","page","type-page","status-publish","hentry"],"_links":{"self":[{"href":"https:\/\/alcantara.pro.br\/cafecompalavra\/wp-json\/wp\/v2\/pages\/11187","targetHints":{"allow":["GET"]}}],"collection":[{"href":"https:\/\/alcantara.pro.br\/cafecompalavra\/wp-json\/wp\/v2\/pages"}],"about":[{"href":"https:\/\/alcantara.pro.br\/cafecompalavra\/wp-json\/wp\/v2\/types\/page"}],"author":[{"embeddable":true,"href":"https:\/\/alcantara.pro.br\/cafecompalavra\/wp-json\/wp\/v2\/users\/2"}],"replies":[{"embeddable":true,"href":"https:\/\/alcantara.pro.br\/cafecompalavra\/wp-json\/wp\/v2\/comments?post=11187"}],"version-history":[{"count":0,"href":"https:\/\/alcantara.pro.br\/cafecompalavra\/wp-json\/wp\/v2\/pages\/11187\/revisions"}],"wp:attachment":[{"href":"https:\/\/alcantara.pro.br\/cafecompalavra\/wp-json\/wp\/v2\/media?parent=11187"}],"curies":[{"name":"wp","href":"https:\/\/api.w.org\/{rel}","templated":true}]}}