{"id":11169,"date":"2021-04-12T13:21:28","date_gmt":"2021-04-12T13:21:28","guid":{"rendered":"https:\/\/alcantara.pro.br\/cafecompalavra\/?page_id=11169"},"modified":"2021-04-12T13:21:28","modified_gmt":"2021-04-12T13:21:28","slug":"series","status":"publish","type":"page","link":"https:\/\/alcantara.pro.br\/cafecompalavra\/series\/","title":{"rendered":"S\u00e9ries"},"content":{"rendered":"\n<p>Selecionei algumas s\u00e9ries de mensagens e palestras.<\/p>\n\n\n\n<p>Confira no Menu do blog os t\u00edtulos j\u00e1 dispon\u00edveis.<\/p>\n","protected":false},"excerpt":{"rendered":"<p>Selecionei algumas s\u00e9ries de mensagens e palestras. Confira no Menu do blog os t\u00edtulos j\u00e1 dispon\u00edveis.<\/p>\n","protected":false},"author":2,"featured_media":0,"parent":0,"menu_order":0,"comment_status":"closed","ping_status":"closed","template":"","meta":{"footnotes":""},"class_list":["post-11169","page","type-page","status-publish","hentry"],"_links":{"self":[{"href":"https:\/\/alcantara.pro.br\/cafecompalavra\/wp-json\/wp\/v2\/pages\/11169","targetHints":{"allow":["GET"]}}],"collection":[{"href":"https:\/\/alcantara.pro.br\/cafecompalavra\/wp-json\/wp\/v2\/pages"}],"about":[{"href":"https:\/\/alcantara.pro.br\/cafecompalavra\/wp-json\/wp\/v2\/types\/page"}],"author":[{"embeddable":true,"href":"https:\/\/alcantara.pro.br\/cafecompalavra\/wp-json\/wp\/v2\/users\/2"}],"replies":[{"embeddable":true,"href":"https:\/\/alcantara.pro.br\/cafecompalavra\/wp-json\/wp\/v2\/comments?post=11169"}],"version-history":[{"count":0,"href":"https:\/\/alcantara.pro.br\/cafecompalavra\/wp-json\/wp\/v2\/pages\/11169\/revisions"}],"wp:attachment":[{"href":"https:\/\/alcantara.pro.br\/cafecompalavra\/wp-json\/wp\/v2\/media?parent=11169"}],"curies":[{"name":"wp","href":"https:\/\/api.w.org\/{rel}","templated":true}]}}