{"id":11148,"date":"2021-04-11T20:10:31","date_gmt":"2021-04-11T20:10:31","guid":{"rendered":"https:\/\/alcantara.pro.br\/cafecompalavra\/?page_id=11148"},"modified":"2021-04-11T20:10:31","modified_gmt":"2021-04-11T20:10:31","slug":"download","status":"publish","type":"page","link":"https:\/\/alcantara.pro.br\/cafecompalavra\/download\/","title":{"rendered":"Download"},"content":{"rendered":"\n<p>Sele\u00e7\u00e3o de artigos, documentos e textos diversos para voc\u00ea montar seu acervo pessoal sobre vida crist\u00e3.<\/p>\n\n\n\n<p><\/p>\n\n\n\n<p><\/p>\n\n\n\n<p class=\"has-medium-font-size\"><strong>Documentos Confessionais<\/strong><\/p>\n\n\n\n<div class=\"wp-block-file\"><a href=\"https:\/\/alcantara.pro.br\/cafecompalavra\/wp-content\/uploads\/2021\/04\/confissao_de_westminster.pdf\">Confiss\u00e3o de F\u00e9 de Westminster<\/a><a href=\"https:\/\/alcantara.pro.br\/cafecompalavra\/wp-content\/uploads\/2021\/04\/confissao_de_westminster.pdf\" class=\"wp-block-file__button\" download>Descarregar<\/a><\/div>\n\n\n\n<div class=\"wp-block-file\"><a href=\"https:\/\/alcantara.pro.br\/cafecompalavra\/wp-content\/uploads\/2021\/04\/OsCanonesDort-com-introducao.pdf\">Os C\u00e2nones de Dort<\/a><a href=\"https:\/\/alcantara.pro.br\/cafecompalavra\/wp-content\/uploads\/2021\/04\/OsCanonesDort-com-introducao.pdf\" class=\"wp-block-file__button\" download>Descarregar<\/a><\/div>\n\n\n\n<div class=\"wp-block-file\"><a href=\"https:\/\/alcantara.pro.br\/cafecompalavra\/wp-content\/uploads\/2021\/04\/ConfissaoBelga.pdf\">Confiss\u00e3o Belga<\/a><a href=\"https:\/\/alcantara.pro.br\/cafecompalavra\/wp-content\/uploads\/2021\/04\/ConfissaoBelga.pdf\" class=\"wp-block-file__button\" download>Descarregar<\/a><\/div>\n\n\n\n<p class=\"has-medium-font-size\"><strong>Catecismos<\/strong><\/p>\n\n\n\n<div class=\"wp-block-file\"><a href=\"https:\/\/alcantara.pro.br\/cafecompalavra\/wp-content\/uploads\/2021\/04\/CatecismoHeidelberg.pdf\">Catecismo de Heidelberg<\/a><a href=\"https:\/\/alcantara.pro.br\/cafecompalavra\/wp-content\/uploads\/2021\/04\/CatecismoHeidelberg.pdf\" class=\"wp-block-file__button\" download>Descarregar<\/a><\/div>\n\n\n\n<div class=\"wp-block-file\"><a href=\"https:\/\/alcantara.pro.br\/cafecompalavra\/wp-content\/uploads\/2021\/04\/CatecismoMaiorWestminster.pdf\">Catecismo Maior de <a href=\"https:\/\/alcantara.pro.br\/cafecompalavra\/wp-content\/uploads\/2021\/04\/CatecismoMaiorWestminster.pdf\">Westminster<\/a><\/a><a href=\"https:\/\/alcantara.pro.br\/cafecompalavra\/wp-content\/uploads\/2021\/04\/CatecismoMaiorWestminster.pdf\" class=\"wp-block-file__button\" download>Descarregar<\/a><\/div>\n\n\n\n<div class=\"wp-block-file\"><a href=\"https:\/\/alcantara.pro.br\/cafecompalavra\/wp-content\/uploads\/2021\/04\/Breve-Catecismo-de-Westminster.pdf\">Breve Catecismo de Westminster<\/a><a href=\"https:\/\/alcantara.pro.br\/cafecompalavra\/wp-content\/uploads\/2021\/04\/Breve-Catecismo-de-Westminster.pdf\" class=\"wp-block-file__button\" download>Descarregar<\/a><\/div>\n\n\n\n<p><\/p>\n","protected":false},"excerpt":{"rendered":"<p>Sele\u00e7\u00e3o de artigos, documentos e textos diversos para voc\u00ea montar seu acervo pessoal sobre vida crist\u00e3. Documentos Confessionais Catecismos<\/p>\n","protected":false},"author":2,"featured_media":0,"parent":0,"menu_order":0,"comment_status":"closed","ping_status":"closed","template":"","meta":{"footnotes":""},"class_list":["post-11148","page","type-page","status-publish","hentry"],"_links":{"self":[{"href":"https:\/\/alcantara.pro.br\/cafecompalavra\/wp-json\/wp\/v2\/pages\/11148","targetHints":{"allow":["GET"]}}],"collection":[{"href":"https:\/\/alcantara.pro.br\/cafecompalavra\/wp-json\/wp\/v2\/pages"}],"about":[{"href":"https:\/\/alcantara.pro.br\/cafecompalavra\/wp-json\/wp\/v2\/types\/page"}],"author":[{"embeddable":true,"href":"https:\/\/alcantara.pro.br\/cafecompalavra\/wp-json\/wp\/v2\/users\/2"}],"replies":[{"embeddable":true,"href":"https:\/\/alcantara.pro.br\/cafecompalavra\/wp-json\/wp\/v2\/comments?post=11148"}],"version-history":[{"count":0,"href":"https:\/\/alcantara.pro.br\/cafecompalavra\/wp-json\/wp\/v2\/pages\/11148\/revisions"}],"wp:attachment":[{"href":"https:\/\/alcantara.pro.br\/cafecompalavra\/wp-json\/wp\/v2\/media?parent=11148"}],"curies":[{"name":"wp","href":"https:\/\/api.w.org\/{rel}","templated":true}]}}