{"id":11124,"date":"2021-04-11T18:57:45","date_gmt":"2021-04-11T18:57:45","guid":{"rendered":"https:\/\/alcantara.pro.br\/cafecompalavra\/?page_id=11124"},"modified":"2021-04-11T18:57:45","modified_gmt":"2021-04-11T18:57:45","slug":"biblias-online","status":"publish","type":"page","link":"https:\/\/alcantara.pro.br\/cafecompalavra\/biblias-online\/","title":{"rendered":"B\u00edblias online"},"content":{"rendered":"\n<p class=\"has-medium-font-size\"><strong>Textos integrais da B\u00edblia<\/strong><\/p>\n\n\n\n<ul class=\"wp-block-list\">\n<li><a href=\"https:\/\/biblia.sbb.org.br\/biblia\/ARA\/MAT.1\/Mateus-1\" target=\"_blank\" rel=\"noreferrer noopener\"><strong>ARA &#8211; Almeida Revista e Atualizada<\/strong><\/a><\/li>\n<li><strong><a href=\"https:\/\/biblia.sbb.org.br\/biblia\/NAA\/MAT.1\/Mateus-1\" target=\"_blank\" rel=\"noreferrer noopener\">NAA &#8211; Nova Almeida Atualizada<\/a><\/strong><\/li>\n<\/ul>\n\n\n\n<ul>\n<li><a href=\"https:\/\/www.bibliaon.com\/\" target=\"_blank\" rel=\"noopener\"><strong>NVI &#8211; B\u00edbliaOn<\/strong><\/a> &#8211; O site disponibiliza a B\u00edblia Sagrada na vers\u00e3o NVI, listagens com vers\u00edculos sobre diversos temas e artigos sobre variados assuntos \u00e0 luz da B\u00edblia.<\/li>\n<\/ul>\n\n\n\n<p class=\"has-medium-font-size\"><strong>B\u00edblia de Estudo online<\/strong><\/p>\n\n\n\n<ul class=\"wp-block-list\">\n<li><strong><a href=\"https:\/\/biblehub.com\/\" target=\"_blank\" rel=\"noreferrer noopener\">B\u00edblia Hub<\/a><\/strong> &#8211; Vers\u00e3o Ingl\u00eas<\/li>\n<li><strong><a href=\"https:\/\/bibliaportugues.com\/\" target=\"_blank\" rel=\"noreferrer noopener\">B\u00edblia Hub <\/a><\/strong>&#8211; Vers\u00e3o Portugu\u00eas<\/li>\n<\/ul>\n\n\n\n<p>&nbsp;<\/p>\n","protected":false},"excerpt":{"rendered":"<p>Textos integrais da B\u00edblia ARA &#8211; Almeida Revista e Atualizada NAA &#8211; Nova Almeida Atualizada NVI &#8211; B\u00edbliaOn &#8211; O site disponibiliza a B\u00edblia Sagrada na vers\u00e3o NVI, listagens com vers\u00edculos sobre diversos temas e artigos sobre variados assuntos \u00e0 luz da B\u00edblia. B\u00edblia de Estudo online B\u00edblia Hub &#8211;<\/p>\n","protected":false},"author":2,"featured_media":0,"parent":0,"menu_order":0,"comment_status":"closed","ping_status":"closed","template":"","meta":{"footnotes":""},"class_list":["post-11124","page","type-page","status-publish","hentry"],"_links":{"self":[{"href":"https:\/\/alcantara.pro.br\/cafecompalavra\/wp-json\/wp\/v2\/pages\/11124","targetHints":{"allow":["GET"]}}],"collection":[{"href":"https:\/\/alcantara.pro.br\/cafecompalavra\/wp-json\/wp\/v2\/pages"}],"about":[{"href":"https:\/\/alcantara.pro.br\/cafecompalavra\/wp-json\/wp\/v2\/types\/page"}],"author":[{"embeddable":true,"href":"https:\/\/alcantara.pro.br\/cafecompalavra\/wp-json\/wp\/v2\/users\/2"}],"replies":[{"embeddable":true,"href":"https:\/\/alcantara.pro.br\/cafecompalavra\/wp-json\/wp\/v2\/comments?post=11124"}],"version-history":[{"count":0,"href":"https:\/\/alcantara.pro.br\/cafecompalavra\/wp-json\/wp\/v2\/pages\/11124\/revisions"}],"wp:attachment":[{"href":"https:\/\/alcantara.pro.br\/cafecompalavra\/wp-json\/wp\/v2\/media?parent=11124"}],"curies":[{"name":"wp","href":"https:\/\/api.w.org\/{rel}","templated":true}]}}