{"id":11113,"date":"2021-04-11T18:47:26","date_gmt":"2021-04-11T18:47:26","guid":{"rendered":"https:\/\/alcantara.pro.br\/cafecompalavra\/?page_id=11113"},"modified":"2025-02-20T14:53:05","modified_gmt":"2025-02-20T14:53:05","slug":"portais-fe-reformada","status":"publish","type":"page","link":"https:\/\/alcantara.pro.br\/cafecompalavra\/portais-fe-reformada\/","title":{"rendered":"F\u00e9 Reformada"},"content":{"rendered":"\r\n<p>Est\u00e1 \u00e9 uma sele\u00e7\u00e3o de excelentes\u00a0 conte\u00fado genuinamente crist\u00e3o que eu gosto de sempre visitar.<\/p>\r\n\r\n\r\n\r\n<p>Explore e descubra os muitos recursos dispon\u00edveis, inclusive excelentes materiais gratuitos para download.<\/p>\r\n<p><strong>Portais<\/strong><\/p>\r\n<ul>\r\n<li><a href=\"http:\/\/resistenciaprotestante.blogspot.com\/\" target=\"_blank\" rel=\"noopener\"><strong>Ageu Magalh\u00e3es<\/strong><\/a><\/li>\r\n<li><a href=\"https:\/\/coalizaopeloevangelho.org\/\" target=\"_blank\" rel=\"noopener\"><strong>Coaliz\u00e3o pelo Evangelho (TGC\u00a0<em>Brasil<\/em>)<\/strong><\/a><\/li>\r\n<li><strong><a href=\"https:\/\/www.desiringgod.org\/languages\/portuguese\" target=\"_blank\" rel=\"noopener\">Desejando a Deus &#8211; Desiring God &#8211; John Piper<\/a><\/strong><\/li>\r\n<li><strong><a href=\"https:\/\/doutrinacalvinista.blogspot.com\" target=\"_blank\" rel=\"noopener\">Estudantes de Teologia &#8211; Ewerton B. Tokashiki<\/a><\/strong><\/li>\r\n<li><strong><a href=\"https:\/\/tokashiki.blogspot.com\/\" target=\"_blank\" rel=\"noopener\">Fam\u00edlia da Alian\u00e7a &#8211; Ewerton B. Tokashiki<\/a><\/strong><\/li>\r\n<li><strong><a href=\"https:\/\/pt.9marks.org\/\" target=\"_blank\" rel=\"noopener\">IX Marcas\u00a0<\/a><\/strong><\/li>\r\n<li><a href=\"https:\/\/ministeriofiel.com.br\/\" target=\"_blank\" rel=\"noreferrer noopener\"><strong>Minist\u00e9rio Fiel<\/strong><\/a><\/li>\r\n<li><strong><a href=\"http:\/\/monergismo.com\/\" target=\"_blank\" rel=\"noreferrer noopener\" data-type=\"URL\" data-id=\"http:\/\/monergismo.com\/\">Monergismo<\/a><\/strong><\/li>\r\n<li><a href=\"http:\/\/www.solanoportela.net\/\" target=\"_blank\" rel=\"noopener\"><strong>Solano Portela<\/strong><\/a><\/li>\r\n<li><a href=\"https:\/\/tempora-mores.blogspot.com\/\" target=\"_blank\" rel=\"noopener\"><strong>Tempora Mores<\/strong><\/a><\/li>\r\n<li><strong><a href=\"https:\/\/voltemosaoevangelho.com\/\" target=\"_blank\" rel=\"noreferrer noopener\">Voltemos ao Evangelho<\/a><\/strong><\/li>\r\n<\/ul>\r\n<hr \/>\r\n<p><strong>Institui\u00e7\u00f5es de Ensino<\/strong><\/p>\r\n<ul>\r\n<li><a href=\"https:\/\/cpaj.mackenzie.br\/\" target=\"_blank\" rel=\"noopener\"><strong>Centro Presbiteriano de P\u00f3s-Gradua\u00e7\u00e3o Andrew Jumper\u00a0(CPAJ)<\/strong><\/a><\/li>\r\n<li><strong><a href=\"https:\/\/www.fitref.online\/\" target=\"_blank\" rel=\"noopener\">Faculdade Internacional de Teologia Reformada &#8211; FitRef<\/a><\/strong><\/li>\r\n<li><strong><a href=\"https:\/\/institutoreformado.com.br\/\" target=\"_blank\" rel=\"noopener\">Instituto Reformado de S\u00e3o Paulo<\/a><\/strong><\/li>\r\n<\/ul>\r\n","protected":false},"excerpt":{"rendered":"<p>Est\u00e1 \u00e9 uma sele\u00e7\u00e3o de excelentes\u00a0 conte\u00fado genuinamente crist\u00e3o que eu gosto de sempre visitar. Explore e descubra os muitos recursos dispon\u00edveis, inclusive excelentes materiais gratuitos para download. Portais Ageu Magalh\u00e3es Coaliz\u00e3o pelo Evangelho (TGC\u00a0Brasil) Desejando a Deus &#8211; Desiring God &#8211; John Piper Estudantes de Teologia &#8211; Ewerton B.<\/p>\n","protected":false},"author":2,"featured_media":0,"parent":0,"menu_order":0,"comment_status":"closed","ping_status":"closed","template":"","meta":{"footnotes":""},"class_list":["post-11113","page","type-page","status-publish","hentry"],"_links":{"self":[{"href":"https:\/\/alcantara.pro.br\/cafecompalavra\/wp-json\/wp\/v2\/pages\/11113","targetHints":{"allow":["GET"]}}],"collection":[{"href":"https:\/\/alcantara.pro.br\/cafecompalavra\/wp-json\/wp\/v2\/pages"}],"about":[{"href":"https:\/\/alcantara.pro.br\/cafecompalavra\/wp-json\/wp\/v2\/types\/page"}],"author":[{"embeddable":true,"href":"https:\/\/alcantara.pro.br\/cafecompalavra\/wp-json\/wp\/v2\/users\/2"}],"replies":[{"embeddable":true,"href":"https:\/\/alcantara.pro.br\/cafecompalavra\/wp-json\/wp\/v2\/comments?post=11113"}],"version-history":[{"count":2,"href":"https:\/\/alcantara.pro.br\/cafecompalavra\/wp-json\/wp\/v2\/pages\/11113\/revisions"}],"predecessor-version":[{"id":11492,"href":"https:\/\/alcantara.pro.br\/cafecompalavra\/wp-json\/wp\/v2\/pages\/11113\/revisions\/11492"}],"wp:attachment":[{"href":"https:\/\/alcantara.pro.br\/cafecompalavra\/wp-json\/wp\/v2\/media?parent=11113"}],"curies":[{"name":"wp","href":"https:\/\/api.w.org\/{rel}","templated":true}]}}