{"id":436,"date":"2023-03-04T23:06:40","date_gmt":"2023-03-04T23:06:40","guid":{"rendered":"https:\/\/alcantara.pro.br\/analisedebalanco\/?page_id=436"},"modified":"2025-05-15T13:23:23","modified_gmt":"2025-05-15T13:23:23","slug":"videos-2","status":"publish","type":"page","link":"https:\/\/alcantara.pro.br\/analisedebalanco\/videos\/videos-2\/","title":{"rendered":"Videos Selecionados"},"content":{"rendered":"<h2><span style=\"color: #0000ff;\"><strong>Sele\u00e7\u00e3o de V\u00eddeos sobre resultados de empresas do varejo de confec\u00e7\u00f5es<\/strong><\/span><\/h2>\n<p><img loading=\"lazy\" decoding=\"async\" class=\"alignnone size-full wp-image-93\" src=\"https:\/\/alcantara.pro.br\/analisedebalanco\/wp-content\/uploads\/2020\/02\/renner.png\" alt=\"\" width=\"290\" height=\"61\" \/><\/p>\n<p class=\"style-scope ytd-watch-metadata\"><strong>Videoconfer\u00eancia de Resultados 4T24 e 2024<\/strong><\/p>\n<p><iframe loading=\"lazy\" title=\"YouTube video player\" src=\"https:\/\/www.youtube.com\/embed\/ayeSBwiP8Jo?si=Zq1h6tUoGm9npgNX\" width=\"560\" height=\"315\" frameborder=\"0\" allowfullscreen=\"allowfullscreen\"><\/iframe><\/p>\n<p><strong>An\u00e1lise 1\u00ba Trimestre 2020 &#8211; <\/strong>Stock Pickers de frente com CEO e CFO da Lojas Renner &#8211; Transmitido ao vivo em 29 de mai. de 2020<\/p>\n<p><iframe loading=\"lazy\" src=\"https:\/\/www.youtube.com\/embed\/qi1BERgfarI\" width=\"560\" height=\"315\" frameborder=\"0\" allowfullscreen=\"allowfullscreen\"><\/iframe><\/p>\n<hr \/>\n<p><img loading=\"lazy\" decoding=\"async\" class=\"alignnone wp-image-294\" src=\"https:\/\/alcantara.pro.br\/analisedebalanco\/wp-content\/uploads\/2021\/02\/guararapes-300x60.png\" alt=\"\" width=\"325\" height=\"65\" srcset=\"https:\/\/alcantara.pro.br\/analisedebalanco\/wp-content\/uploads\/2021\/02\/guararapes-300x60.png 300w, https:\/\/alcantara.pro.br\/analisedebalanco\/wp-content\/uploads\/2021\/02\/guararapes.png 383w\" sizes=\"auto, (max-width: 325px) 100vw, 325px\" \/><\/p>\n<p><strong>Forbes Live:\u00a0<\/strong>O CEO e publisher da Forbes, Antonio Camarotti, conversa com Fl\u00e1vio Rocha, presidente do Conselho do Grupo Guararapes, sobre o seu superapp de moda. Transmitido ao vivo em 23.07.2020.<\/p>\n<p><iframe loading=\"lazy\" src=\"https:\/\/www.youtube.com\/embed\/IEbztVnavMM\" width=\"560\" height=\"315\" frameborder=\"0\" allowfullscreen=\"allowfullscreen\"><\/iframe><\/p>\n<hr \/>\n<p><strong>Vis\u00e3o do Estrategista<\/strong> &#8211; Resultados Guararapes (Riachuelo) 3T20 &#8211; GUAR3 &#8211; &#8211; Transmitido ao vivo em 12.11.2020.<br \/>\n<iframe loading=\"lazy\" src=\"https:\/\/www.youtube.com\/embed\/QRvOgG-VvzA\" width=\"560\" height=\"315\" frameborder=\"0\" allowfullscreen=\"allowfullscreen\"><\/iframe><\/p>\n<hr \/>\n<p><img loading=\"lazy\" decoding=\"async\" class=\"alignnone size-medium wp-image-114\" src=\"https:\/\/alcantara.pro.br\/analisedebalanco\/wp-content\/uploads\/2020\/02\/marisa-300x66.png\" alt=\"\" width=\"300\" height=\"66\" srcset=\"https:\/\/alcantara.pro.br\/analisedebalanco\/wp-content\/uploads\/2020\/02\/marisa-300x66.png 300w, https:\/\/alcantara.pro.br\/analisedebalanco\/wp-content\/uploads\/2020\/02\/marisa.png 479w\" sizes=\"auto, (max-width: 300px) 100vw, 300px\" \/><\/p>\n<p class=\"title style-scope ytd-video-primary-info-renderer\"><strong>An\u00e1lise 2\u00ba Trimestre 2020 &#8211; <\/strong>Marisa (AMAR3): saiba os detalhes dos resultados da empresa em entrevista com CEO e CFO -Transmitido ao vivo em 25.08.2020.<\/p>\n<p><iframe loading=\"lazy\" src=\"https:\/\/www.youtube.com\/embed\/SQazjPZR0Hk\" width=\"560\" height=\"315\" frameborder=\"0\" allowfullscreen=\"allowfullscreen\"><\/iframe><\/p>\n<p><strong>An\u00e1lise 3\u00ba Trimestre 2020 &#8211; <\/strong>Marisa (AMAR3): saiba os detalhes dos resultados da empresa em entrevista com CEO e CFO &#8211; Transmitido ao vivo em 12.11.2020.<\/p>\n<p><iframe loading=\"lazy\" src=\"https:\/\/www.youtube.com\/embed\/Aivq9qRjR4w\" width=\"560\" height=\"315\" frameborder=\"0\" allowfullscreen=\"allowfullscreen\"><\/iframe><\/p>\n<p><strong>Conselho de CEO com Marcelo Pimentel &#8211;\u00a0<\/strong>Transmitido ao vivo em 17.11.2020<\/p>\n<p><iframe loading=\"lazy\" src=\"https:\/\/www.youtube.com\/embed\/f-V4mFFkhJE\" width=\"560\" height=\"315\" frameborder=\"0\" allowfullscreen=\"allowfullscreen\"><\/iframe><\/p>\n<hr \/>\n<p><img loading=\"lazy\" decoding=\"async\" class=\"alignnone size-full wp-image-351\" src=\"https:\/\/alcantara.pro.br\/analisedebalanco\/wp-content\/uploads\/2022\/02\/lojas-cem.png\" alt=\"\" width=\"272\" height=\"80\" \/><\/p>\n<p class=\"title style-scope ytd-video-primary-info-renderer\"><strong>Varejo brasileiro avan\u00e7a e Lojas Cem mant\u00e9m expans\u00e3o em 2022<\/strong><\/p>\n<p><iframe loading=\"lazy\" title=\"YouTube video player\" src=\"https:\/\/www.youtube.com\/embed\/LVaLu2Mk-2s\" width=\"560\" height=\"315\" frameborder=\"0\" allowfullscreen=\"allowfullscreen\"><\/iframe><\/p>\n","protected":false},"excerpt":{"rendered":"<p>Sele\u00e7\u00e3o de V\u00eddeos sobre resultados de empresas do varejo de confec\u00e7\u00f5es Videoconfer\u00eancia de Resultados 4T24 e 2024 An\u00e1lise 1\u00ba Trimestre 2020 &#8211; Stock Pickers de frente com CEO e CFO da Lojas Renner &#8211; Transmitido ao vivo em 29 de &hellip; <a href=\"https:\/\/alcantara.pro.br\/analisedebalanco\/videos\/videos-2\/\">Continue lendo <span class=\"meta-nav\">&rarr;<\/span><\/a><\/p>\n","protected":false},"author":1,"featured_media":0,"parent":278,"menu_order":0,"comment_status":"closed","ping_status":"closed","template":"","meta":{"footnotes":""},"class_list":["post-436","page","type-page","status-publish","hentry"],"_links":{"self":[{"href":"https:\/\/alcantara.pro.br\/analisedebalanco\/wp-json\/wp\/v2\/pages\/436","targetHints":{"allow":["GET"]}}],"collection":[{"href":"https:\/\/alcantara.pro.br\/analisedebalanco\/wp-json\/wp\/v2\/pages"}],"about":[{"href":"https:\/\/alcantara.pro.br\/analisedebalanco\/wp-json\/wp\/v2\/types\/page"}],"author":[{"embeddable":true,"href":"https:\/\/alcantara.pro.br\/analisedebalanco\/wp-json\/wp\/v2\/users\/1"}],"replies":[{"embeddable":true,"href":"https:\/\/alcantara.pro.br\/analisedebalanco\/wp-json\/wp\/v2\/comments?post=436"}],"version-history":[{"count":3,"href":"https:\/\/alcantara.pro.br\/analisedebalanco\/wp-json\/wp\/v2\/pages\/436\/revisions"}],"predecessor-version":[{"id":481,"href":"https:\/\/alcantara.pro.br\/analisedebalanco\/wp-json\/wp\/v2\/pages\/436\/revisions\/481"}],"up":[{"embeddable":true,"href":"https:\/\/alcantara.pro.br\/analisedebalanco\/wp-json\/wp\/v2\/pages\/278"}],"wp:attachment":[{"href":"https:\/\/alcantara.pro.br\/analisedebalanco\/wp-json\/wp\/v2\/media?parent=436"}],"curies":[{"name":"wp","href":"https:\/\/api.w.org\/{rel}","templated":true}]}}