{"id":42,"date":"2020-02-08T01:40:45","date_gmt":"2020-02-08T01:40:45","guid":{"rendered":"https:\/\/alcantara.pro.br\/analisedebalanco\/?page_id=42"},"modified":"2025-05-15T13:14:56","modified_gmt":"2025-05-15T13:14:56","slug":"balanco-interativo","status":"publish","type":"page","link":"https:\/\/alcantara.pro.br\/analisedebalanco\/balanco-interativo\/","title":{"rendered":"Balan\u00e7os Interativos"},"content":{"rendered":"<p class=\"MsoNormal\"><span style=\"font-family: Arial; font-size: medium;\"><span style=\"line-height: 107%;\">Os <strong>Balan\u00e7os Interativos<\/strong> permitem analisar os n\u00fameros da empresa da forma mais completa poss\u00edvel. <\/span><\/span><\/p>\n<p class=\"MsoNormal\"><span style=\"font-family: Arial; font-size: medium;\"><span style=\"line-height: 107%;\">Al\u00e9m de escolher diversos par\u00e2metros nas configura\u00e7\u00f5es o usu\u00e1rio pode selecionar, a depender da empresa, as demonstra\u00e7\u00f5es financeiras e\/ou contas que lhe interessam, copiar e colar, exportar, usar convers\u00e3o para outras moedas, etc.<\/span><\/span><\/p>\n<p class=\"MsoNormal\"><span style=\"font-family: Arial; font-size: medium;\">Empresas que divulgam balan\u00e7os interativos configur\u00e1veis ou dados j\u00e1 planilhados.<\/span><\/p>\n<ul>\n<li><a href=\"http:\/\/www.romi.com\/investidores\/informacoes-financeiras\/balancos-interativos\" target=\"_blank\" rel=\"noopener noreferrer\">Ind\u00fastrias Romi S\/A<\/a><\/li>\n<li><a href=\"https:\/\/www.wlm.com.br\/informacoes-financeiras\/balanco-interativo\/\" target=\"_blank\" rel=\"noopener noreferrer\">WLM Ind\u00fastria e Com\u00e9rcio S\/A<\/a><\/li>\n<li><a href=\"https:\/\/ri.rdsaude.com.br\/planilha-de-resultados\" target=\"_blank\" rel=\"noopener noreferrer\">Raia Drogasil Sa\u00fade<\/a><\/li>\n<li><a href=\"https:\/\/ri.profarma.com.br\/informacoes-financeiras\/planilhas\/\" target=\"_blank\" rel=\"noopener noreferrer\">Profarma<\/a><b><\/b><\/li>\n<li><a href=\"https:\/\/www.itau.com.br\/relacoes-com-investidores\/\" target=\"_blank\" rel=\"noopener\">Ita\u00fa<\/a><\/li>\n<\/ul>\n","protected":false},"excerpt":{"rendered":"<p>Os Balan\u00e7os Interativos permitem analisar os n\u00fameros da empresa da forma mais completa poss\u00edvel. Al\u00e9m de escolher diversos par\u00e2metros nas configura\u00e7\u00f5es o usu\u00e1rio pode selecionar, a depender da empresa, as demonstra\u00e7\u00f5es financeiras e\/ou contas que lhe interessam, copiar e colar, &hellip; <a href=\"https:\/\/alcantara.pro.br\/analisedebalanco\/balanco-interativo\/\">Continue lendo <span class=\"meta-nav\">&rarr;<\/span><\/a><\/p>\n","protected":false},"author":1,"featured_media":0,"parent":0,"menu_order":0,"comment_status":"closed","ping_status":"closed","template":"","meta":{"footnotes":""},"class_list":["post-42","page","type-page","status-publish","hentry"],"_links":{"self":[{"href":"https:\/\/alcantara.pro.br\/analisedebalanco\/wp-json\/wp\/v2\/pages\/42","targetHints":{"allow":["GET"]}}],"collection":[{"href":"https:\/\/alcantara.pro.br\/analisedebalanco\/wp-json\/wp\/v2\/pages"}],"about":[{"href":"https:\/\/alcantara.pro.br\/analisedebalanco\/wp-json\/wp\/v2\/types\/page"}],"author":[{"embeddable":true,"href":"https:\/\/alcantara.pro.br\/analisedebalanco\/wp-json\/wp\/v2\/users\/1"}],"replies":[{"embeddable":true,"href":"https:\/\/alcantara.pro.br\/analisedebalanco\/wp-json\/wp\/v2\/comments?post=42"}],"version-history":[{"count":8,"href":"https:\/\/alcantara.pro.br\/analisedebalanco\/wp-json\/wp\/v2\/pages\/42\/revisions"}],"predecessor-version":[{"id":480,"href":"https:\/\/alcantara.pro.br\/analisedebalanco\/wp-json\/wp\/v2\/pages\/42\/revisions\/480"}],"wp:attachment":[{"href":"https:\/\/alcantara.pro.br\/analisedebalanco\/wp-json\/wp\/v2\/media?parent=42"}],"curies":[{"name":"wp","href":"https:\/\/api.w.org\/{rel}","templated":true}]}}