{"id":34,"date":"2020-02-08T01:27:40","date_gmt":"2020-02-08T01:27:40","guid":{"rendered":"https:\/\/alcantara.pro.br\/analisedebalanco\/?page_id=34"},"modified":"2022-03-08T22:04:11","modified_gmt":"2022-03-08T22:04:11","slug":"relatorios","status":"publish","type":"page","link":"https:\/\/alcantara.pro.br\/analisedebalanco\/relatorios\/","title":{"rendered":"Relat\u00f3rios"},"content":{"rendered":"<h2><span style=\"color: #0000ff;\"><strong><span style=\"font-family: Arial;\">Guias e modelo de Relat\u00f3rios de An\u00e1lise (em portugu\u00eas<\/span><\/strong><strong><span style=\"font-family: Arial;\">)<\/span><\/strong><\/span><\/h2>\n<ul>\n<li><a href=\"https:\/\/alcantara.pro.br\/analisedebalanco\/wp-content\/uploads\/2020\/05\/AnaliseBalanco-ModeloRelatorio_02.doc\">An\u00e1lise de Balanco &#8211; Modelo de Relat\u00f3rio<\/a>\u00a0(Modelo em Word)<\/li>\n<li><a href=\"https:\/\/alcantara.pro.br\/analisedebalanco\/wp-content\/uploads\/2020\/02\/2019-LARAZZI-Como_escrever_um_relatorio_financeiro_anual.pdf\" target=\"_blank\" rel=\"noopener noreferrer\">Como escrever um relat\u00f3rio financeiro anual<\/a> (PDF)<\/li>\n<\/ul>\n<h2><span style=\"color: #0000ff;\"><strong><span style=\"font-family: Arial;\">Guias e modelo de Relat\u00f3rios de An\u00e1lise (em ingl\u00eas)<\/span><\/strong><\/span><\/h2>\n<ul>\n<li><span style=\"font-family: Arial;\">Thomson Reuters:\u00a0 <a href=\"https:\/\/alcantara.pro.br\/analisedebalanco\/wp-content\/uploads\/2020\/11\/ThomsonReuters-fina_sample_reports.pdf\" target=\"_blank\" rel=\"noopener noreferrer\">FINANCIAL ANALYSIS CS\u2122 &#8211; Sample Reports<\/a><\/span><\/li>\n<li><span style=\"font-family: Arial;\">Wollongong University &#8211;<\/span><span style=\"font-family: Arial;\"><a href=\"https:\/\/alcantara.pro.br\/analisedebalanco\/wp-content\/uploads\/2020\/11\/2019-WollongongUniversity-Como_escrever_relatorio_financeiro-INGLES.pdf\" target=\"_blank\" rel=\"noopener noreferrer\"> <strong>Writing accounting and finance reports<\/strong><\/a> (Vers\u00e3o em portugu\u00eas: <a href=\"https:\/\/alcantara.pro.br\/analisedebalanco\/wp-content\/uploads\/2020\/11\/2019-WollongongUniversity-Como_escrever_relatorio_financeiro.pdf\" target=\"_blank\" rel=\"noopener noreferrer\">Como escrever relat\u00f3rio financeiro e cont\u00e1bil<\/a><\/span>)<\/li>\n<\/ul>\n<h2><strong><span style=\"font-family: Arial; color: #0000ff;\">Sites com dicas para elabora\u00e7\u00e3o de relat\u00f3rios de an\u00e1lise (em ingl\u00eas)<\/span><\/strong><\/h2>\n<ul>\n<li><span style=\"font-family: Arial;\"><a href=\"http:\/\/thebusinessferret.com\/financial-analysis-report-samples\" target=\"_blank\" rel=\"noopener noreferrer\">The Business Ferret &#8211; Financial Analysis Report Samples<\/a><\/span><\/li>\n<li><span style=\"font-family: Arial;\"><a href=\"https:\/\/www.investopedia.com\/articles\/investing\/032113\/basics-financial-analysis-report.asp\" target=\"_blank\" rel=\"noopener noreferrer\">Investopedia: The basics of a financial analysis report<\/a><\/span><\/li>\n<li><span style=\"font-family: Arial;\"><a href=\"https:\/\/smallbusiness.chron.com\/creating-company-financial-analysis-report-82030.html\" target=\"_blank\" rel=\"noopener noreferrer\">Small Business Chron &#8211; Creating a Company Financial Analysis Report<\/a><\/span><\/li>\n<\/ul>\n<h2><strong><span style=\"font-family: Arial; color: #0000ff;\">Gerador on-line de relat\u00f3rio de an\u00e1lise (em ingl\u00eas)<\/span><\/strong><\/h2>\n<ul>\n<li><span style=\"font-family: Arial;\"><a href=\"http:\/\/www.interactivereporting.com\/\" target=\"_blank\" rel=\"noopener noreferrer\">Interactive Reporting Business Intelligence Suite<\/a><\/span><\/li>\n<\/ul>\n","protected":false},"excerpt":{"rendered":"<p>Guias e modelo de Relat\u00f3rios de An\u00e1lise (em portugu\u00eas) An\u00e1lise de Balanco &#8211; Modelo de Relat\u00f3rio\u00a0(Modelo em Word) Como escrever um relat\u00f3rio financeiro anual (PDF) Guias e modelo de Relat\u00f3rios de An\u00e1lise (em ingl\u00eas) Thomson Reuters:\u00a0 FINANCIAL ANALYSIS CS\u2122 &#8211; &hellip; <a href=\"https:\/\/alcantara.pro.br\/analisedebalanco\/relatorios\/\">Continue lendo <span class=\"meta-nav\">&rarr;<\/span><\/a><\/p>\n","protected":false},"author":1,"featured_media":0,"parent":0,"menu_order":0,"comment_status":"closed","ping_status":"closed","template":"","meta":{"footnotes":""},"class_list":["post-34","page","type-page","status-publish","hentry"],"_links":{"self":[{"href":"https:\/\/alcantara.pro.br\/analisedebalanco\/wp-json\/wp\/v2\/pages\/34","targetHints":{"allow":["GET"]}}],"collection":[{"href":"https:\/\/alcantara.pro.br\/analisedebalanco\/wp-json\/wp\/v2\/pages"}],"about":[{"href":"https:\/\/alcantara.pro.br\/analisedebalanco\/wp-json\/wp\/v2\/types\/page"}],"author":[{"embeddable":true,"href":"https:\/\/alcantara.pro.br\/analisedebalanco\/wp-json\/wp\/v2\/users\/1"}],"replies":[{"embeddable":true,"href":"https:\/\/alcantara.pro.br\/analisedebalanco\/wp-json\/wp\/v2\/comments?post=34"}],"version-history":[{"count":11,"href":"https:\/\/alcantara.pro.br\/analisedebalanco\/wp-json\/wp\/v2\/pages\/34\/revisions"}],"predecessor-version":[{"id":385,"href":"https:\/\/alcantara.pro.br\/analisedebalanco\/wp-json\/wp\/v2\/pages\/34\/revisions\/385"}],"wp:attachment":[{"href":"https:\/\/alcantara.pro.br\/analisedebalanco\/wp-json\/wp\/v2\/media?parent=34"}],"curies":[{"name":"wp","href":"https:\/\/api.w.org\/{rel}","templated":true}]}}