{"id":278,"date":"2020-12-15T13:25:32","date_gmt":"2020-12-15T13:25:32","guid":{"rendered":"https:\/\/alcantara.pro.br\/analisedebalanco\/?page_id=278"},"modified":"2023-03-04T23:07:40","modified_gmt":"2023-03-04T23:07:40","slug":"videos","status":"publish","type":"page","link":"https:\/\/alcantara.pro.br\/analisedebalanco\/videos\/","title":{"rendered":"V\u00eddeos"},"content":{"rendered":"<h2><span style=\"color: #0000ff;\"><strong>Canais de v\u00eddeos no Youtube comentando resultado de empresas<\/strong><\/span><\/h2>\n<ul>\n<li>O InfoMoney tem v\u00e1rias Playlists com avali\u00e7\u00e3o do resultados de v\u00e1rias empresas: \u00a0<a href=\"https:\/\/www.youtube.com\/c\/infomoney\/playlists\">InfoMoney &#8211; YouTube<\/a><\/li>\n<li>A Jovem Pan tem o canal <a href=\"https:\/\/jovempan.com.br\/programas\/conselho-de-ceo?post_type=video\" target=\"_blank\" rel=\"noopener noreferrer\">Conselho de CEO<\/a> no qual l\u00edderes comentam os resultados de suas empresas<\/li>\n<\/ul>\n<hr \/>\n","protected":false},"excerpt":{"rendered":"<p>Canais de v\u00eddeos no Youtube comentando resultado de empresas O InfoMoney tem v\u00e1rias Playlists com avali\u00e7\u00e3o do resultados de v\u00e1rias empresas: \u00a0InfoMoney &#8211; YouTube A Jovem Pan tem o canal Conselho de CEO no qual l\u00edderes comentam os resultados de &hellip; <a href=\"https:\/\/alcantara.pro.br\/analisedebalanco\/videos\/\">Continue lendo <span class=\"meta-nav\">&rarr;<\/span><\/a><\/p>\n","protected":false},"author":1,"featured_media":0,"parent":0,"menu_order":0,"comment_status":"closed","ping_status":"closed","template":"","meta":{"footnotes":""},"class_list":["post-278","page","type-page","status-publish","hentry"],"_links":{"self":[{"href":"https:\/\/alcantara.pro.br\/analisedebalanco\/wp-json\/wp\/v2\/pages\/278","targetHints":{"allow":["GET"]}}],"collection":[{"href":"https:\/\/alcantara.pro.br\/analisedebalanco\/wp-json\/wp\/v2\/pages"}],"about":[{"href":"https:\/\/alcantara.pro.br\/analisedebalanco\/wp-json\/wp\/v2\/types\/page"}],"author":[{"embeddable":true,"href":"https:\/\/alcantara.pro.br\/analisedebalanco\/wp-json\/wp\/v2\/users\/1"}],"replies":[{"embeddable":true,"href":"https:\/\/alcantara.pro.br\/analisedebalanco\/wp-json\/wp\/v2\/comments?post=278"}],"version-history":[{"count":14,"href":"https:\/\/alcantara.pro.br\/analisedebalanco\/wp-json\/wp\/v2\/pages\/278\/revisions"}],"predecessor-version":[{"id":435,"href":"https:\/\/alcantara.pro.br\/analisedebalanco\/wp-json\/wp\/v2\/pages\/278\/revisions\/435"}],"wp:attachment":[{"href":"https:\/\/alcantara.pro.br\/analisedebalanco\/wp-json\/wp\/v2\/media?parent=278"}],"curies":[{"name":"wp","href":"https:\/\/api.w.org\/{rel}","templated":true}]}}