{"id":154,"date":"2020-02-08T03:52:17","date_gmt":"2020-02-08T03:52:17","guid":{"rendered":"https:\/\/alcantara.pro.br\/analisedebalanco\/?page_id=154"},"modified":"2024-02-04T17:40:09","modified_gmt":"2024-02-04T17:40:09","slug":"livroadc","status":"publish","type":"page","link":"https:\/\/alcantara.pro.br\/analisedebalanco\/livroadc\/","title":{"rendered":"Livro: An\u00e1lise Balan\u00e7o"},"content":{"rendered":"<table style=\"border-collapse: collapse; width: 100%;\">\n<tbody>\n<tr>\n<td style=\"width: 25.0001%; vertical-align: top;\"><span style=\"font-family: arial, helvetica, sans-serif;\"><span style=\"font-family: arial, helvetica, sans-serif;\"><a href=\"http:\/\/www.grupogen.com.br\/estrutura-analise-e-interpretac-o-das-demonstracoes-contabeis\" target=\"_blank\" rel=\"noopener noreferrer\"><img loading=\"lazy\" decoding=\"async\" class=\"alignnone wp-image-21\" src=\"https:\/\/alcantara.pro.br\/analisedebalanco\/wp-content\/uploads\/2020\/02\/capa-209x300.png\" alt=\"\" width=\"95\" height=\"136\" srcset=\"https:\/\/alcantara.pro.br\/analisedebalanco\/wp-content\/uploads\/2020\/02\/capa-209x300.png 209w, https:\/\/alcantara.pro.br\/analisedebalanco\/wp-content\/uploads\/2020\/02\/capa.png 488w\" sizes=\"auto, (max-width: 95px) 100vw, 95px\" \/><\/a><\/span><\/span><strong>Onde comprar<\/strong><\/p>\n<table style=\"border-collapse: collapse; width: 31.8701%;\">\n<tbody>\n<tr>\n<td><strong>E-book Kindle<\/strong><\/td>\n<\/tr>\n<tr>\n<td><a href=\"https:\/\/www.amazon.com.br\/dp\/8597011998\/ref=as_sl_pc_qf_sp_asin_til?tag=vendalivros-20&amp;linkCode=w00&amp;linkId=8670d634ef3ad315e953b4aad78eb883&amp;creativeASIN=8597011998\" target=\"_blank\" rel=\"noopener noreferrer\"><img loading=\"lazy\" decoding=\"async\" class=\"alignnone size-full wp-image-3106\" src=\"http:\/\/alcantara.pro.br\/portal\/wp-content\/uploads\/2015\/10\/comprar.jpg\" alt=\"\" width=\"114\" height=\"49\" \/><\/a><\/td>\n<td><a href=\"https:\/\/www.amazon.com.br\/dp\/B074N7C4G2\/ref=as_sl_pc_qf_sp_asin_til?tag=vendalivros-20&amp;linkCode=w00&amp;linkId=304f6f285014d2f619654a2e044c0c1b&amp;creativeASIN=B074N7C4G2\" target=\"_blank\" rel=\"noopener noreferrer\"><img loading=\"lazy\" decoding=\"async\" class=\"alignnone size-full wp-image-3106\" src=\"http:\/\/alcantara.pro.br\/portal\/wp-content\/uploads\/2015\/10\/comprar.jpg\" alt=\"\" width=\"114\" height=\"49\" \/><\/a><\/td>\n<\/tr>\n<\/tbody>\n<\/table>\n<p>&nbsp;<\/td>\n<td style=\"width: 75.0001%; vertical-align: top;\">\n<h2 style=\"box-sizing: border-box; float: none; font-family: Arvo, sans-serif; font-weight: normal; text-align: left; margin: 10px 0px;\"><span style=\"box-sizing: border-box; float: none; color: #0000ff; font-family: 'times new roman', times, serif;\"><strong style=\"box-sizing: border-box; font-weight: bold; float: none;\">Estrutura, An\u00e1lise e Interpreta\u00e7\u00e3o das Demonstra\u00e7\u00f5es Cont\u00e1beis<\/strong><\/span><\/h2>\n<p style=\"box-sizing: border-box; float: none; font-family: 'Titillium Web', sans-serif; font-size: 0.983em; line-height: 1.3; text-align: left; margin: 3px 0px 1em 0px;\"><span style=\"box-sizing: border-box; float: none; font-size: 20px; font-family: arial, helvetica, sans-serif; background-color: #ffffff;\"><strong style=\"box-sizing: border-box; font-weight: bold; float: none;\">5\u00aa edi\u00e7\u00e3o \u2013 <\/strong>Editora Atlas<\/span><\/p>\n<p style=\"box-sizing: border-box; float: none; font-family: 'Titillium Web', sans-serif; line-height: 1.3; text-align: justify; margin: 3px 0px 1em 0px;\"><span style=\"box-sizing: border-box; float: none; font-family: arial, helvetica, sans-serif;\"><span style=\"font-size: medium;\">Ampliada e revisada conforme<\/span><\/span><\/p>\n<ul>\n<li>\n<p style=\"box-sizing: border-box; float: none; font-family: 'Titillium Web', sans-serif; line-height: 1.3; text-align: justify; margin: 3px 0px 1em 0px;\"><span style=\"box-sizing: border-box; float: none; font-family: arial, helvetica, sans-serif;\"><span style=\"font-size: medium;\">Lei n\u00ba 11.638\/2007<\/span><\/span><\/p>\n<\/li>\n<li>\n<p style=\"box-sizing: border-box; float: none; font-family: 'Titillium Web', sans-serif; line-height: 1.3; text-align: justify; margin: 3px 0px 1em 0px;\"><span style=\"box-sizing: border-box; float: none; font-family: arial, helvetica, sans-serif;\"><span style=\"font-size: medium;\">Lei n\u00ba 11.941\/2009, e<\/span><strong style=\"box-sizing: border-box; float: none;\"><span style=\"font-size: medium;\"><br \/>\n<\/span><\/strong><\/span><\/p>\n<\/li>\n<li>\n<p style=\"box-sizing: border-box; float: none; font-family: 'Titillium Web', sans-serif; line-height: 1.3; text-align: justify; margin: 3px 0px 1em 0px;\"><span style=\"box-sizing: border-box; float: none; font-family: arial, helvetica, sans-serif;\"><span style=\"font-size: medium;\">Pronunciamentos do CPC.<\/span><\/span><\/p>\n<\/li>\n<\/ul>\n<p style=\"box-sizing: border-box; float: none; font-family: 'Titillium Web', sans-serif; font-size: 0.983em; line-height: 1.3; text-align: justify; margin: 3px 0px 1em 0px;\"><span style=\"box-sizing: border-box; float: none; font-family: arial, helvetica, sans-serif;\">O livro oferece uma abordagem da An\u00e1lise das Demonstra\u00e7\u00f5es Cont\u00e1beis em uma sequ\u00eancia l\u00f3gica e abrangente para o estudo da disciplina. O texto desta 5\u00aa edi\u00e7\u00e3o foi revisto e ampliado, estando de acordo com as recentes altera\u00e7\u00f5es introduzidas na Lei das Sociedades An\u00f4nimas (Lei n\u00ba 6.404\/1976), decorrentes do processo de converg\u00eancia do Brasil \u00e0s normas internacionais de Contabilidade, e com as respectivas normas do Conselho Federal de Contabilidade (CFC) e Pronunciamentos do Comit\u00ea de Pronunciamentos Cont\u00e1beis (CPC). <\/span><\/p>\n<p style=\"box-sizing: border-box; float: none; font-family: 'Titillium Web', sans-serif; color: #515151; font-size: 0.983em; line-height: 1.3; text-align: justify; margin: 3px 0px 1em 0px;\"><span style=\"box-sizing: border-box; float: none; font-family: arial, helvetica, sans-serif;\"><br \/>\n<span style=\"color: #000000;\">Para facilitar a compreens\u00e3o da teoria, os conceitos apresentados ao longo do livro s\u00e3o ilustrados com a apura\u00e7\u00e3o dos indicadores da Cia. Lucro Certo, empresa cujas demonstra\u00e7\u00f5es cont\u00e1beis completas s\u00e3o apresentadas na Parte IV, assim como os indicadores cont\u00e1beis dos seus principais concorrentes. Como suporte acad\u00eamico, o leitor conta com uma\u00a0<strong style=\"box-sizing: border-box; font-weight: bold; float: none;\">planilha eletr\u00f4nica<\/strong> que automatiza os c\u00e1lculos dos indicadores abordados na obra e gera v\u00e1rios relat\u00f3rios de an\u00e1lise, dispon\u00edvel no site<\/span> <a href=\"http:\/\/www.grupogen.com.br\">www.grupogen.com.br<\/a>.<\/span><\/p>\n<\/td>\n<\/tr>\n<\/tbody>\n<\/table>\n<p><span style=\"font-family: arial, helvetica, sans-serif;\"><b><span style=\"font-size: medium;\">VERS\u00d5ES<\/span><\/b><span style=\"font-size: medium;\">:<\/span><\/span><\/p>\n<ul>\n<li><span style=\"font-family: arial, helvetica, sans-serif;\">Impresso<\/span><\/li>\n<li><span style=\"font-family: arial, helvetica, sans-serif;\">E-book (VitalSource\u00a0Bookshelf)<\/span><\/li>\n<li><span style=\"font-family: arial, helvetica, sans-serif;\">E-book (Amazon &#8211; Kindle)<\/span><\/li>\n<\/ul>\n<hr \/>\n<p><span style=\"font-family: arial, helvetica, sans-serif;\"><span style=\"box-sizing: border-box; float: none;\"><strong style=\"box-sizing: border-box; font-weight: bold; float: none;\">APLICA\u00c7\u00c3O<\/strong><\/span><span style=\"box-sizing: border-box; float: none;\"><br \/>\n<span style=\"font-size: medium;\"><strong style=\"box-sizing: border-box; font-weight: bold; float: none;\"><br \/>\nLivro-texto<\/strong> para a disciplina An\u00e1lise das Demonstra\u00e7\u00f5es Cont\u00e1beis e equivalentes dos cursos de Ci\u00eancias Cont\u00e1beis, Administra\u00e7\u00e3o e Economia. Leitura complementar para as disciplinas Administra\u00e7\u00e3o Financeira e Contabilidade Societ\u00e1ria. Indicado para programas de atualiza\u00e7\u00e3o e reciclagem profissional e de refer\u00eancia para cursos de p\u00f3s-gradua\u00e7\u00e3o, concursos p\u00fablicos e de prepara\u00e7\u00e3o para o Exame de Sufici\u00eancia do CFC.<\/span><\/span><\/span><\/p>\n<hr \/>\n<p><span style=\"font-family: arial, helvetica, sans-serif;\"><span style=\"box-sizing: border-box; float: none;\"><strong style=\"box-sizing: border-box; font-weight: bold; float: none;\"><span style=\"font-size: medium;\">SUM\u00c1RIO<\/span><\/strong><\/span><span style=\"box-sizing: border-box; float: none;\"><br \/>\n<strong style=\"box-sizing: border-box; font-weight: bold; float: none;\"><br \/>\nParte I \u2013 Introdu\u00e7\u00e3o<\/strong>\u00a0<\/span><\/span><\/p>\n<p><span style=\"box-sizing: border-box; float: none; font-family: arial, helvetica, sans-serif;\">1. Conceitos Introdut\u00f3rios\u00a0<\/span><\/p>\n<p><span style=\"box-sizing: border-box; float: none; font-family: arial, helvetica, sans-serif;\">2. Vis\u00e3o da hist\u00f3ria recente da Contabilidade e da An\u00e1lise das Demonstra\u00e7\u00f5es Cont\u00e1beis\u00a0<\/span><\/p>\n<p><span style=\"box-sizing: border-box; float: none; font-family: arial, helvetica, sans-serif;\">3. Caracter\u00edsticas Qualitativas da Informa\u00e7\u00e3o Cont\u00e1bil<\/span><\/p>\n<p><span style=\"box-sizing: border-box; float: none; font-family: arial, helvetica, sans-serif;\">4. Estrutura e Divulga\u00e7\u00e3o das Demonstra\u00e7\u00f5es Cont\u00e1beis no Brasil\u00a0<\/span><\/p>\n<p><span style=\"box-sizing: border-box; float: none; font-family: arial, helvetica, sans-serif;\">5. Informa\u00e7\u00f5es, Relat\u00f3rios e Pareceres que acompanham as Demonstra\u00e7\u00f5es Cont\u00e1beis\u00a0<\/span><\/p>\n<p><span style=\"box-sizing: border-box; float: none; font-family: arial, helvetica, sans-serif;\"><span style=\"font-size: medium;\">6. Demonstra\u00e7\u00f5es e Informa\u00e7\u00f5es Cont\u00e1beis n\u00e3o Obrigat\u00f3rias<\/span><\/span><\/p>\n<p style=\"box-sizing: border-box; float: none; font-family: 'Titillium Web', sans-serif; line-height: 1.3; margin: 3px 0px 1em 0px;\"><span style=\"box-sizing: border-box; float: none; font-family: arial, helvetica, sans-serif;\"><strong style=\"box-sizing: border-box; font-weight: bold; float: none;\"><span style=\"font-size: medium;\">Parte II \u2013 Preparando-se para a an\u00e1lise<\/span><\/strong><\/span><\/p>\n<p style=\"box-sizing: border-box; float: none; font-family: 'Titillium Web', sans-serif; line-height: 1.3; margin: 3px 0px 1em 0px;\"><span style=\"box-sizing: border-box; float: none; font-family: arial, helvetica, sans-serif;\"><span style=\"font-size: medium;\">7. Padroniza\u00e7\u00e3o, Consolida\u00e7\u00e3o e Qualidade das Demonstra\u00e7\u00f5es Cont\u00e1beis<\/span><\/span><\/p>\n<p style=\"box-sizing: border-box; float: none; font-family: 'Titillium Web', sans-serif; line-height: 1.3; margin: 3px 0px 1em 0px;\"><span style=\"box-sizing: border-box; float: none; font-family: arial, helvetica, sans-serif;\"><span style=\"font-size: medium;\">8. Etapas da An\u00e1lise das Demonstra\u00e7\u00f5es Cont\u00e1beis<\/span><\/span><\/p>\n<p style=\"box-sizing: border-box; float: none; font-family: 'Titillium Web', sans-serif; line-height: 1.3; margin: 3px 0px 1em 0px;\"><span style=\"box-sizing: border-box; float: none; font-family: arial, helvetica, sans-serif;\"><span style=\"font-size: medium;\">9. O uso de ferramentas eletr\u00f4nicas no processo de An\u00e1lise de Demonstra\u00e7\u00f5es Cont\u00e1beis<\/span><\/span><\/p>\n<p style=\"box-sizing: border-box; float: none; font-family: 'Titillium Web', sans-serif; line-height: 1.3; margin: 3px 0px 1em 0px;\"><span style=\"box-sizing: border-box; float: none; font-family: arial, helvetica, sans-serif;\"><strong style=\"box-sizing: border-box; font-weight: bold; float: none;\"><span style=\"font-size: medium;\">Parte III \u2013 An\u00e1lise das demonstra\u00e7\u00f5es cont\u00e1beis<\/span><\/strong><\/span><\/p>\n<p style=\"box-sizing: border-box; float: none; font-family: 'Titillium Web', sans-serif; line-height: 1.3; margin: 3px 0px 1em 0px;\"><span style=\"box-sizing: border-box; float: none; font-family: arial, helvetica, sans-serif;\"><span style=\"font-size: medium;\">10. Metodologias de An\u00e1lise das Demonstra\u00e7\u00f5es Cont\u00e1beis<\/span><\/span><\/p>\n<p style=\"box-sizing: border-box; float: none; font-family: 'Titillium Web', sans-serif; line-height: 1.3; margin: 3px 0px 1em 0px;\"><span style=\"box-sizing: border-box; float: none; font-family: arial, helvetica, sans-serif;\"><span style=\"font-size: medium;\">11. An\u00e1lise Horizontal e Vertical <\/span><\/span><\/p>\n<p style=\"box-sizing: border-box; float: none; font-family: 'Titillium Web', sans-serif; line-height: 1.3; margin: 3px 0px 1em 0px;\"><span style=\"box-sizing: border-box; float: none; font-family: arial, helvetica, sans-serif;\"><span style=\"font-size: medium;\">12. An\u00e1lise atrav\u00e9s de Indicadores ou Quocientes<\/span><\/span><\/p>\n<p style=\"box-sizing: border-box; float: none; font-family: 'Titillium Web', sans-serif; line-height: 1.3; margin: 3px 0px 1em 0px;\"><span style=\"box-sizing: border-box; float: none; font-family: arial, helvetica, sans-serif;\"><span style=\"font-size: medium;\">13. Estudo da Alavancagem<\/span><\/span><\/p>\n<p style=\"box-sizing: border-box; float: none; font-family: 'Titillium Web', sans-serif; line-height: 1.3; margin: 3px 0px 1em 0px;\"><span style=\"box-sizing: border-box; float: none; font-family: arial, helvetica, sans-serif;\"><span style=\"font-size: medium;\">14. An\u00e1lise da Necessidade de Capital de Giro<\/span><\/span><\/p>\n<p style=\"box-sizing: border-box; float: none; font-family: 'Titillium Web', sans-serif; line-height: 1.3; margin: 3px 0px 1em 0px;\"><span style=\"box-sizing: border-box; float: none; font-family: arial, helvetica, sans-serif;\"><span style=\"font-size: medium;\">15. Modelos Estat\u00edsticos de Previs\u00e3o de Insolv\u00eancia<\/span><\/span><\/p>\n<p style=\"box-sizing: border-box; float: none; font-family: 'Titillium Web', sans-serif; line-height: 1.3; margin: 3px 0px 1em 0px;\"><span style=\"box-sizing: border-box; float: none; font-family: arial, helvetica, sans-serif;\"><span style=\"font-size: medium;\">16. Elabora\u00e7\u00e3o do Relat\u00f3rio de An\u00e1lise das Demonstra\u00e7\u00f5es Cont\u00e1beis<\/span><\/span><\/p>\n<p style=\"box-sizing: border-box; float: none; font-family: 'Titillium Web', sans-serif; line-height: 1.3; margin: 3px 0px 1em 0px;\"><span style=\"box-sizing: border-box; float: none; font-family: arial, helvetica, sans-serif;\"><strong style=\"box-sizing: border-box; font-weight: bold; float: none;\"><span style=\"font-size: medium;\">Parte IV \u2013 Estudo de casos<\/span><\/strong><\/span><\/p>\n<p style=\"box-sizing: border-box; float: none; font-family: 'Titillium Web', sans-serif; line-height: 1.3; margin: 3px 0px 1em 0px;\"><span style=\"box-sizing: border-box; float: none; font-family: arial, helvetica, sans-serif;\"><span style=\"font-size: medium;\">17. Estudo Dirigido de Caso<\/span><\/span><\/p>\n<p style=\"box-sizing: border-box; float: none; font-family: 'Titillium Web', sans-serif; line-height: 1.3; margin: 3px 0px 1em 0px;\"><span style=\"box-sizing: border-box; float: none; font-family: arial, helvetica, sans-serif;\"><span style=\"font-size: medium;\">18. Empresa exemplo: Cia Lucro Certo<\/span><\/span><\/p>\n<p style=\"box-sizing: border-box; float: none; font-family: 'Titillium Web', sans-serif; line-height: 1.3; margin: 3px 0px 1em 0px;\"><span style=\"box-sizing: border-box; float: none; font-family: arial, helvetica, sans-serif;\"><strong style=\"box-sizing: border-box; font-weight: bold; float: none;\"><span style=\"font-size: medium;\">PARTE V \u2013 Materiais Complementares<\/span><\/strong><\/span><\/p>\n<p style=\"box-sizing: border-box; float: none; font-family: 'Titillium Web', sans-serif; line-height: 1.3; margin: 3px 0px 1em 0px;\"><span style=\"box-sizing: border-box; float: none; font-family: arial, helvetica, sans-serif;\"><span style=\"font-size: medium;\">19. Guia do usu\u00e1rio da Planilha An\u00e1lise Financeira<\/span><\/span><\/p>\n<p style=\"box-sizing: border-box; float: none; font-family: 'Titillium Web', sans-serif; line-height: 1.3; margin: 3px 0px 1em 0px;\"><span style=\"box-sizing: border-box; float: none; font-family: arial, helvetica, sans-serif;\"><strong style=\"box-sizing: border-box; font-weight: bold; float: none;\"><span style=\"font-size: medium;\">Anexos<\/span><\/strong><\/span><\/p>\n<p style=\"box-sizing: border-box; float: none; font-family: 'Titillium Web', sans-serif; line-height: 1.3; margin: 3px 0px 1em 0px;\"><span style=\"box-sizing: border-box; float: none; font-family: arial, helvetica, sans-serif;\"><span style=\"font-size: medium;\">Anexo A. Quadro Resumo dos \u00cdndices e Quocientes<\/span><\/span><\/p>\n<p style=\"box-sizing: border-box; float: none; font-family: 'Titillium Web', sans-serif; line-height: 1.3; margin: 3px 0px 1em 0px;\"><span style=\"box-sizing: border-box; float: none; font-family: arial, helvetica, sans-serif;\"><span style=\"font-size: medium;\">Anexo B. Siglas e Abreviaturas<\/span><\/span><\/p>\n<p style=\"box-sizing: border-box; float: none; font-family: 'Titillium Web', sans-serif; line-height: 1.3; margin: 3px 0px 1em 0px;\"><span style=\"box-sizing: border-box; float: none; font-family: arial, helvetica, sans-serif;\"><span style=\"font-size: medium;\">Anexo C. Documentos CPC citados no Livro<\/span><\/span><\/p>\n<p style=\"box-sizing: border-box; float: none; font-family: 'Titillium Web', sans-serif; line-height: 1.3; margin: 3px 0px 1em 0px;\"><span style=\"box-sizing: border-box; float: none; font-family: arial, helvetica, sans-serif;\"><strong style=\"box-sizing: border-box; font-weight: bold; float: none;\"><span style=\"font-size: medium;\">Refer\u00eancias<\/span><\/strong><\/span><\/p>\n<hr \/>\n<p style=\"box-sizing: border-box; float: none; font-family: 'Titillium Web', sans-serif; line-height: 1.3; text-align: justify; margin: 3px 0px 1em 0px;\"><span style=\"box-sizing: border-box; float: none; font-family: arial, helvetica, sans-serif;\"><span style=\"font-size: medium;\">O livro \u00e9 enriquecido com material complementar que<br \/>\nservem de apoio para execu\u00e7\u00e3o dos roteiros de an\u00e1lise propostos.<\/span><\/span><\/p>\n<ul style=\"box-sizing: border-box; list-style-type: none; float: none; font-family: Arial; color: #515151; padding-left: 20px; margin: 0px 0px 1em 0px;\">\n<li style=\"box-sizing: border-box; list-style-type: disc; float: none; margin: 0px;\"><span style=\"color: #000000; font-size: medium; font-family: arial, helvetica, sans-serif;\"><span style=\"box-sizing: border-box; float: none;\">Planilha An\u00e1lise Financeira (Em Excel) : Cia. Lucro Certo<\/span><\/span><\/li>\n<li style=\"box-sizing: border-box; list-style-type: disc; float: none; margin: 0px;\"><span style=\"box-sizing: border-box; float: none; font-family: arial, helvetica, sans-serif;\">Planilha An\u00e1lise Financeira (Em Excel) : Sem Dados<\/span><\/li>\n<li style=\"box-sizing: border-box; list-style-type: disc; float: none; margin: 0px;\"><span style=\"box-sizing: border-box; float: none; font-family: arial, helvetica, sans-serif;\">Pap\u00e9is de Trabalho<\/span><\/li>\n<\/ul>\n<p style=\"box-sizing: border-box; float: none; font-family: 'Titillium Web', sans-serif; color: #515151; line-height: 1.3; margin: 3px 0px 1em 0px;\"><span style=\"font-family: arial, helvetica, sans-serif;\"><span style=\"box-sizing: border-box; float: none;\"><span style=\"color: #000000; font-size: medium;\">O acesso aos materiais suplementares \u00e9 gratuito. Basta que o leitor se cadastre no site do Grupo Gen <\/span><span style=\"font-size: medium;\"><span style=\"color: #000000;\">(<\/span><\/span><\/span><span style=\"font-size: medium;\"><a style=\"box-sizing: border-box; text-decoration: none; float: none; color: #73af28; font-weight: 600;\" href=\"http:\/\/www.grupogen.com.br\/\" target=\"_blank\" rel=\"noopener noreferrer\"><span style=\"box-sizing: border-box; float: none;\">www.grupogen.com.br<\/span><\/a><\/span><span style=\"color: #000000;\"><span style=\"box-sizing: border-box; float: none;\"><span style=\"font-size: medium;\">), fa\u00e7a seu login e clique em Ambiente de Aprendizagem, no menu superior do lado direito.\u00a0<\/span><span style=\"box-sizing: border-box; float: none;\"><span style=\"font-size: medium;\">\u00c9 r\u00e1pido e f\u00e1cil.<\/span><\/span><\/span><\/span><\/span><\/p>\n<p><span style=\"font-family: arial, helvetica, sans-serif;\"><span style=\"color: #000000;\"><span style=\"box-sizing: border-box; float: none;\"><span style=\"font-size: medium;\">Caso haja dificuldade de acesso, entre em contato com o SAC do Grupo Gen (<\/span><\/span><\/span><span style=\"font-size: medium;\"><a style=\"box-sizing: border-box; text-decoration: none; float: none; color: #73af28; font-weight: 600;\" href=\"mailto:sac@grupogen.com.br\" target=\"_blank\" rel=\"noopener noreferrer\"><span style=\"box-sizing: border-box; float: none;\">sac@grupogen.com.br<\/span><\/a><\/span><span style=\"box-sizing: border-box; float: none;\"><span style=\"font-size: medium;\">)<\/span><span style=\"color: #000000; font-size: medium;\">.<\/span><\/span><\/span><\/p>\n<p><span style=\"font-family: arial, helvetica, sans-serif;\"><a href=\"http:\/\/www.grupogen.com.br\/estrutura-analise-e-interpretac-o-das-demonstracoes-contabeis\" target=\"_blank\" rel=\"noopener noreferrer\"><img loading=\"lazy\" decoding=\"async\" class=\"alignnone wp-image-21\" src=\"https:\/\/alcantara.pro.br\/analisedebalanco\/wp-content\/uploads\/2020\/02\/capa-209x300.png\" alt=\"\" width=\"95\" height=\"136\" srcset=\"https:\/\/alcantara.pro.br\/analisedebalanco\/wp-content\/uploads\/2020\/02\/capa-209x300.png 209w, https:\/\/alcantara.pro.br\/analisedebalanco\/wp-content\/uploads\/2020\/02\/capa.png 488w\" sizes=\"auto, (max-width: 95px) 100vw, 95px\" \/><\/a><\/span><\/p>\n<p><strong>Onde comprar<\/strong><\/p>\n<table style=\"border-collapse: collapse; width: 31.8701%;\">\n<tbody>\n<tr>\n<td style=\"width: 17.1642%;\"><strong>Capa Comum<\/strong><\/td>\n<td style=\"width: 14.7059%;\"><strong>E-book Kindle<\/strong><\/td>\n<\/tr>\n<tr>\n<td style=\"width: 17.1642%;\"><a href=\"https:\/\/www.amazon.com.br\/dp\/8597011998\/ref=as_sl_pc_qf_sp_asin_til?tag=vendalivros-20&amp;linkCode=w00&amp;linkId=8670d634ef3ad315e953b4aad78eb883&amp;creativeASIN=8597011998\" target=\"_blank\" rel=\"noopener noreferrer\"><img loading=\"lazy\" decoding=\"async\" class=\"alignnone size-full wp-image-3106\" src=\"http:\/\/alcantara.pro.br\/portal\/wp-content\/uploads\/2015\/10\/comprar.jpg\" alt=\"\" width=\"114\" height=\"49\" \/><\/a><\/td>\n<td style=\"width: 14.7059%;\"><a href=\"https:\/\/www.amazon.com.br\/dp\/B074N7C4G2\/ref=as_sl_pc_qf_sp_asin_til?tag=vendalivros-20&amp;linkCode=w00&amp;linkId=304f6f285014d2f619654a2e044c0c1b&amp;creativeASIN=B074N7C4G2\" target=\"_blank\" rel=\"noopener noreferrer\"><img loading=\"lazy\" decoding=\"async\" class=\"alignnone size-full wp-image-3106\" src=\"http:\/\/alcantara.pro.br\/portal\/wp-content\/uploads\/2015\/10\/comprar.jpg\" alt=\"\" width=\"114\" height=\"49\" \/><\/a><\/td>\n<\/tr>\n<\/tbody>\n<\/table>\n<p>&nbsp;<\/p>\n","protected":false},"excerpt":{"rendered":"<p>Onde comprar E-book Kindle &nbsp; Estrutura, An\u00e1lise e Interpreta\u00e7\u00e3o das Demonstra\u00e7\u00f5es Cont\u00e1beis 5\u00aa edi\u00e7\u00e3o \u2013 Editora Atlas Ampliada e revisada conforme Lei n\u00ba 11.638\/2007 Lei n\u00ba 11.941\/2009, e Pronunciamentos do CPC. O livro oferece uma abordagem da An\u00e1lise das Demonstra\u00e7\u00f5es &hellip; <a href=\"https:\/\/alcantara.pro.br\/analisedebalanco\/livroadc\/\">Continue lendo <span class=\"meta-nav\">&rarr;<\/span><\/a><\/p>\n","protected":false},"author":1,"featured_media":0,"parent":0,"menu_order":0,"comment_status":"closed","ping_status":"closed","template":"","meta":{"footnotes":""},"class_list":["post-154","page","type-page","status-publish","hentry"],"_links":{"self":[{"href":"https:\/\/alcantara.pro.br\/analisedebalanco\/wp-json\/wp\/v2\/pages\/154","targetHints":{"allow":["GET"]}}],"collection":[{"href":"https:\/\/alcantara.pro.br\/analisedebalanco\/wp-json\/wp\/v2\/pages"}],"about":[{"href":"https:\/\/alcantara.pro.br\/analisedebalanco\/wp-json\/wp\/v2\/types\/page"}],"author":[{"embeddable":true,"href":"https:\/\/alcantara.pro.br\/analisedebalanco\/wp-json\/wp\/v2\/users\/1"}],"replies":[{"embeddable":true,"href":"https:\/\/alcantara.pro.br\/analisedebalanco\/wp-json\/wp\/v2\/comments?post=154"}],"version-history":[{"count":12,"href":"https:\/\/alcantara.pro.br\/analisedebalanco\/wp-json\/wp\/v2\/pages\/154\/revisions"}],"predecessor-version":[{"id":470,"href":"https:\/\/alcantara.pro.br\/analisedebalanco\/wp-json\/wp\/v2\/pages\/154\/revisions\/470"}],"wp:attachment":[{"href":"https:\/\/alcantara.pro.br\/analisedebalanco\/wp-json\/wp\/v2\/media?parent=154"}],"curies":[{"name":"wp","href":"https:\/\/api.w.org\/{rel}","templated":true}]}}