{"id":124,"date":"2020-02-08T03:08:21","date_gmt":"2020-02-08T03:08:21","guid":{"rendered":"https:\/\/alcantara.pro.br\/analisedebalanco\/?page_id=124"},"modified":"2025-05-15T13:44:16","modified_gmt":"2025-05-15T13:44:16","slug":"inicial","status":"publish","type":"page","link":"https:\/\/alcantara.pro.br\/analisedebalanco\/","title":{"rendered":"Bem Vindo!!"},"content":{"rendered":"<table class=\" aligncenter\" style=\"width: 100%; border-collapse: collapse;\">\r\n<tbody>\r\n<tr>\r\n<td style=\"width: 100%; background-color: #d5f3f7;\">\r\n<p>Este \u00e9 o ambiente no qual disponibilizamos materiais complementares aos nossos alunos da disciplina <strong>An\u00e1lise das Demonstra\u00e7\u00f5es Cont\u00e1beis<\/strong>.<\/p>\r\n<p><iframe loading=\"lazy\" src=\"https:\/\/www.youtube.com\/embed\/KZ81X1JpNFk\" width=\"560\" height=\"315\" frameborder=\"0\" allowfullscreen=\"allowfullscreen\"><\/iframe><\/p>\r\n<p>A navega\u00e7\u00e3o neste portal ser\u00e1 otimizada com\u00a0 as dicas que passamos em sala de aula, proporcionando assim maior ganho de aprendizagem.<\/p>\r\n<p>Sempre postamos novidades, em especial as atualiza\u00e7\u00f5es quanto \u00e0s informa\u00e7\u00f5es das empresas que usamos como estudo de caso em sala de aula, as quais podem ser acessadas atrav\u00e9s do menu lateral. Disponibilizamos ai<span style=\"text-align: justify;\">nda para as respectivas empresas:<\/span><span style=\"text-align: justify;\"> Press Releases, links diversos, planilhas e v\u00eddeos.<\/span><\/p>\r\n<p><strong>Al\u00e9m disto voc\u00ea tem acesso a:<\/strong><\/p>\r\n<ul style=\"text-align: justify;\">\r\n<li>Planilha Excel para an\u00e1lise aprofundada de uma empresa<\/li>\r\n<li>Planilha Excel que permite a consolida\u00e7\u00e3o de informa\u00e7\u00f5es financeiras de at\u00e9 05 empresas de um mesmo setor (senha fornecida em sala de aula)<\/li>\r\n<li>Sele\u00e7\u00e3o de reportagens sobre o segmento varejo publicadas nas principais revistas especializadas em fornecer informa\u00e7\u00f5es de an\u00e1lise setorial.<\/li>\r\n<li>Aplicativos da CVM para explorar informa\u00e7\u00f5es de companhias abertas<\/li>\r\n<li>Exemplos de Balan\u00e7os Interativos.\u00a0<\/li>\r\n<li>Modelos de relat\u00f3rios de an\u00e1lise e dicas para sua elabora\u00e7\u00e3o.<\/li>\r\n<\/ul>\r\n<p style=\"text-align: justify;\"><strong>Muito Importante:\u00a0<\/strong><\/p>\r\n<p style=\"text-align: justify;\">A leitura dos\u00a0<strong><em>Press Release<\/em><\/strong> das empresas analisadas proporcionar\u00e1 uma vis\u00e3o muito bem detalhada sobre o desempenho delas durante os exerc\u00edcios findos que vamos estudar em sala de aula, em especial a percep\u00e7\u00e3o da sua alta administra\u00e7\u00e3o sobre os principais n\u00fameros do Balan\u00e7o e Demonstra\u00e7\u00e3o do Resultado.<\/p>\r\n<p style=\"text-align: justify;\">Os\u00a0<strong>Press Release<\/strong> das empresas podem ser acessadas atrav\u00e9s do menu lateral esquerdo.<\/p>\r\n<p style=\"text-align: justify;\">Considerando eventuais problemas de conex\u00e3o com internet durante os debates, estudo de caso, e atividades avaliativas em sala de aula, recomendamos que os arquivos disponibilizados neste portal sejam baixados e levados em seus notebook.<\/p>\r\n<p><strong>Materiais extras<\/strong><\/p>\r\n<p>No ambiente virtual de sua institui\u00e7\u00e3o de ensino disponibilizo os materiais complementares e atualizados que s\u00e3o utilizados em sala de aula.<\/p>\r\n<p style=\"text-align: right;\"><span style=\"color: #ff0000;\"><em>Conte\u00fado atualizado em 15.05.2025<\/em><\/span><\/p>\r\n<\/td>\r\n<\/tr>\r\n<\/tbody>\r\n<\/table>\r\n<div>\r\n<div><strong style=\"font-size: 16px;\">Fale conosco:<\/strong><span style=\"font-size: 16px;\">\u00a0<\/span><a style=\"font-size: 16px;\" href=\"mailto:alexandre@alcantara.pro.br\" target=\"_blank\" rel=\"noreferrer noopener\">alexandre@alcantara.pro.br<\/a><\/div>\r\n<\/div>\r\n<!-- \/wp:post-content -->\r\n\r\n<!-- wp:table -->\r\n<figure class=\"wp-block-table\"><a title=\"Facebook\" href=\"https:\/\/www.facebook.com\/alcantara.alexandre\" target=\"_blank\" rel=\"noopener noreferrer\"><img loading=\"lazy\" decoding=\"async\" class=\"alignnone wp-image-15\" src=\"https:\/\/alcantara.pro.br\/analisedebalanco\/wp-content\/uploads\/2020\/02\/facebook.png\" alt=\"\" width=\"45\" height=\"45\" \/><\/a><a href=\"https:\/\/twitter.com\/analisecontabil\" target=\"_blank\" rel=\"noopener noreferrer\"><img loading=\"lazy\" decoding=\"async\" class=\"alignnone wp-image-19\" src=\"https:\/\/alcantara.pro.br\/analisedebalanco\/wp-content\/uploads\/2020\/02\/twitter.png\" alt=\"\" width=\"45\" height=\"45\" \/><\/a> <a title=\"Instagram\" href=\"https:\/\/www.instagram.com\/profalexandrealcantara\/\" target=\"_blank\" rel=\"noopener noreferrer\"><img loading=\"lazy\" decoding=\"async\" class=\"alignnone wp-image-16\" src=\"https:\/\/alcantara.pro.br\/analisedebalanco\/wp-content\/uploads\/2020\/02\/instagram.png\" alt=\"\" width=\"45\" height=\"45\" \/><\/a><a title=\"Canal Youtube\" href=\"https:\/\/www.youtube.com\/channel\/UCGn959TicGxxymwWI98UyzQ\" target=\"_blank\" rel=\"noopener noreferrer\"><img loading=\"lazy\" decoding=\"async\" class=\"alignnone wp-image-16\" src=\"https:\/\/alcantara.pro.br\/analisedebalanco\/wp-content\/uploads\/2020\/02\/youtubecanal.png\" alt=\"\" width=\"45\" height=\"45\" \/><\/a> <a href=\"https:\/\/www.linkedin.com\/in\/profalexandrealcantara\/\" target=\"_blank\" rel=\"noopener noreferrer\"><img loading=\"lazy\" decoding=\"async\" class=\"alignnone wp-image-16\" src=\"https:\/\/alcantara.pro.br\/analisedebalanco\/wp-content\/uploads\/2020\/02\/linkedin.png\" alt=\"\" width=\"45\" height=\"45\" \/><\/a><\/figure>\r\n<!-- \/wp:table -->\r\n\r\n<!-- wp:paragraph -->\r\n<p>&nbsp;<\/p>","protected":false},"excerpt":{"rendered":"<p>Este \u00e9 o ambiente no qual disponibilizamos materiais complementares aos nossos alunos da disciplina An\u00e1lise das Demonstra\u00e7\u00f5es Cont\u00e1beis. A navega\u00e7\u00e3o neste portal ser\u00e1 otimizada com\u00a0 as dicas que passamos em sala de aula, proporcionando assim maior ganho de aprendizagem. Sempre &hellip; <a href=\"https:\/\/alcantara.pro.br\/analisedebalanco\/\">Continue lendo <span class=\"meta-nav\">&rarr;<\/span><\/a><\/p>\n","protected":false},"author":1,"featured_media":0,"parent":0,"menu_order":0,"comment_status":"closed","ping_status":"closed","template":"","meta":{"footnotes":""},"class_list":["post-124","page","type-page","status-publish","hentry"],"_links":{"self":[{"href":"https:\/\/alcantara.pro.br\/analisedebalanco\/wp-json\/wp\/v2\/pages\/124","targetHints":{"allow":["GET"]}}],"collection":[{"href":"https:\/\/alcantara.pro.br\/analisedebalanco\/wp-json\/wp\/v2\/pages"}],"about":[{"href":"https:\/\/alcantara.pro.br\/analisedebalanco\/wp-json\/wp\/v2\/types\/page"}],"author":[{"embeddable":true,"href":"https:\/\/alcantara.pro.br\/analisedebalanco\/wp-json\/wp\/v2\/users\/1"}],"replies":[{"embeddable":true,"href":"https:\/\/alcantara.pro.br\/analisedebalanco\/wp-json\/wp\/v2\/comments?post=124"}],"version-history":[{"count":19,"href":"https:\/\/alcantara.pro.br\/analisedebalanco\/wp-json\/wp\/v2\/pages\/124\/revisions"}],"predecessor-version":[{"id":482,"href":"https:\/\/alcantara.pro.br\/analisedebalanco\/wp-json\/wp\/v2\/pages\/124\/revisions\/482"}],"wp:attachment":[{"href":"https:\/\/alcantara.pro.br\/analisedebalanco\/wp-json\/wp\/v2\/media?parent=124"}],"curies":[{"name":"wp","href":"https:\/\/api.w.org\/{rel}","templated":true}]}}